{"id":9,"date":"2014-10-27T13:46:12","date_gmt":"2014-10-27T12:46:12","guid":{"rendered":"http:\/\/www.florama.it\/?page_id=9"},"modified":"2023-12-13T13:34:13","modified_gmt":"2023-12-13T12:34:13","slug":"contatti","status":"publish","type":"page","link":"https:\/\/asigestbroker.cz\/it\/contatti\/","title":{"rendered":"Contatti"},"content":{"rendered":"<div id=\"pl-9\"  class=\"panel-layout\" ><div id=\"pg-9-0\"  class=\"panel-grid panel-no-style\" ><div id=\"pgc-9-0-0\"  class=\"panel-grid-cell\" ><div id=\"panel-9-0-0-0\" class=\"widget_text so-panel widget widget_custom_html panel-first-child panel-last-child\" data-index=\"0\" ><div class=\"textwidget custom-html-widget\"><h1 class=\"division-title\">\n\tCONTATTI\n<\/h1>\n<img loading=\"lazy\" decoding=\"async\" class=\"alignnone size-full wp-image-3822 aligncenter\" src=\"https:\/\/asigestbroker.cz\/wp-content\/uploads\/asigest-broker-cz-the-flow-building-contacts.jpg\" alt=\"\" width=\"1024\" height=\"584\" srcset=\"https:\/\/asigestbroker.cz\/wp-content\/uploads\/asigest-broker-cz-the-flow-building-contacts.jpg 1024w, https:\/\/asigestbroker.cz\/wp-content\/uploads\/asigest-broker-cz-the-flow-building-contacts-300x171.jpg 300w, https:\/\/asigestbroker.cz\/wp-content\/uploads\/asigest-broker-cz-the-flow-building-contacts-768x438.jpg 768w\" sizes=\"auto, (max-width: 1024px) 100vw, 1024px\" \/><\/div><\/div><\/div><\/div><div id=\"pg-9-1\"  class=\"panel-grid panel-no-style\" ><div id=\"pgc-9-1-0\"  class=\"panel-grid-cell\" ><div id=\"panel-9-1-0-0\" class=\"widget_text so-panel widget widget_custom_html panel-first-child panel-last-child\" data-index=\"1\" ><div class=\"textwidget custom-html-widget\"><div class=\"address-wrapper\">\n\t\t<img loading=\"lazy\" decoding=\"async\" class=\"alignnone size-full wp-image-3832 aligncenter\" src=\"https:\/\/asigestbroker.cz\/wp-content\/uploads\/LOGO-ASIGEST.jpg\" alt=\"\" width=\"1024\" height=\"584\" \/>\n\t\t<h3>\n\t\t\tASIGEST BROKER CZ s.r.o.\n\t\t<\/h3>\n<\/div>\n<div class=\"address-wrapper\">\n\t<div class=\"address-item\">\n\t\t<strong>Sede della Societ\u00e0:<\/strong><br \/><br \/>\n\t\tBelgick\u00e1 115\/40<br \/>\n\t\t120 00  Praha 2 \u2013 Vinohrady<br \/>\n\t\t\u010cesk\u00e1 Republika\n\t<\/div>\n\t<div class=\"address-item\">\n\t\t<strong>Ufficio Operativo:<\/strong><br \/><br \/>\n\t\tV\u00e1clavsk\u00e9 n\u00e1m. 47<br \/>\n\t\t110 00 Praha 1 \u2013 Nov\u00e9 M\u011bsto<br \/>\n\t\t\u010cesk\u00e1 Republika\n\t<\/div>\n<\/div>\n<\/div><\/div><\/div><\/div><div id=\"pg-9-2\"  class=\"panel-grid panel-has-style\" ><div class=\"panel-row-style panel-row-style-for-9-2\" ><div id=\"pgc-9-2-0\"  class=\"panel-grid-cell\" ><div id=\"panel-9-2-0-0\" class=\"widget_text so-panel widget widget_custom_html panel-first-child panel-last-child\" data-index=\"2\" ><div class=\"widget_text panel-widget-style panel-widget-style-for-9-2-0-0\" ><div class=\"textwidget custom-html-widget\"><div class=\"contatti-user-wrapper\">\n\t<div class=\"contatti-user-item\">\n\t\t<strong>Ing. Monika Alberti<\/strong><br \/>\n\t\tAmministratore<br \/>\n\t\tMob. (CZ):\t+420 603 360 465<br \/>\n\t\tCell. (IT):\t+39 347 11 29 865<br \/>\n\t\tE-mail:\tmonika.alberti@asigestbroker.cz<br \/>\n\t<\/div>\n\t<div class=\"contatti-user-item\">\n\t\t<strong>Michele Alberti<\/strong><br \/>\n\t\tAmministratore<br \/>\n\t\tCell. (IT):\t+39 347 11 23 661<br \/>\n\t\tE-mail:\tmichele.alberti@asigestbroker.com<br \/>\n\t<\/div>\n\t<div class=\"contatti-user-item\">\n\t\t<strong>Ing. Anna Petikov\u00e1<\/strong><br \/>\n\t\tLiquidazione Sinistri<br \/>\n\t\tMob. (CZ):\t+420 602 430 126<br \/>\n\t\tE-mail:\tanna.petikova@asigestbroker.cz<br \/>\n\t<\/div>\n<\/div><\/div><\/div><\/div><\/div><\/div><\/div><div id=\"pg-9-3\"  class=\"panel-grid panel-has-style\" ><div class=\"contact-section siteorigin-panels-stretch panel-row-style panel-row-style-for-9-3\" data-stretch-type=\"full\" ><div id=\"pgc-9-3-0\"  class=\"panel-grid-cell panel-grid-cell-mobile-last\" ><div id=\"panel-9-3-0-0\" class=\"widget_text so-panel widget widget_custom_html panel-first-child panel-last-child\" data-index=\"3\" ><div class=\"textwidget custom-html-widget\"><div class=\"sezione-prenotazione-text centrato\">\n\t<h3>\n\t\tCONTATTACI\n\t<\/h3>\n\t<p>\n\t\tPer maggiori informazioni riguardanti i servizi da noi proposti, scrivici pure utilizzando il modulo di contatto che trovi di seguito. Saremo lieti di risponderti e di venire incontro alle tue esigenze.\n\t<\/p>\n\t<div class=\"form-container\">\n\t\t\n<div class=\"wpcf7 no-js\" id=\"wpcf7-f42-o1\" lang=\"it-IT\" dir=\"ltr\" data-wpcf7-id=\"42\">\n<div class=\"screen-reader-response\"><p role=\"status\" aria-live=\"polite\" aria-atomic=\"true\"><\/p> <ul><\/ul><\/div>\n<form action=\"\/it\/wp-json\/wp\/v2\/pages\/9#wpcf7-f42-o1\" method=\"post\" class=\"wpcf7-form init\" aria-label=\"Modulo di contatto\" novalidate=\"novalidate\" data-status=\"init\">\n<fieldset class=\"hidden-fields-container\"><input type=\"hidden\" name=\"_wpcf7\" value=\"42\" \/><input type=\"hidden\" name=\"_wpcf7_version\" value=\"6.1.5\" \/><input type=\"hidden\" name=\"_wpcf7_locale\" value=\"it_IT\" \/><input type=\"hidden\" name=\"_wpcf7_unit_tag\" value=\"wpcf7-f42-o1\" \/><input type=\"hidden\" name=\"_wpcf7_container_post\" value=\"0\" \/><input type=\"hidden\" name=\"_wpcf7_posted_data_hash\" value=\"\" \/>\n<\/fieldset>\n<div class=\"wpcf7-turnstile cf-turnstile\" data-sitekey=\"0x4AAAAAABs1d-jl9c7nQQX9\" data-response-field-name=\"_wpcf7_turnstile_response\"><\/div>\n\n<p><span class=\"wpcf7-form-control-wrap\" data-name=\"your-name\"><input size=\"40\" maxlength=\"400\" class=\"wpcf7-form-control wpcf7-text wpcf7-validates-as-required\" aria-required=\"true\" aria-invalid=\"false\" placeholder=\"Nome e Cognome*\" value=\"\" type=\"text\" name=\"your-name\" \/><\/span>\n<\/p>\n<p><span class=\"wpcf7-form-control-wrap\" data-name=\"your-email\"><input size=\"40\" maxlength=\"400\" class=\"wpcf7-form-control wpcf7-email wpcf7-validates-as-required wpcf7-text wpcf7-validates-as-email\" aria-required=\"true\" aria-invalid=\"false\" placeholder=\"Email*\" value=\"\" type=\"email\" name=\"your-email\" \/><\/span>\n<\/p>\n<p><span class=\"wpcf7-form-control-wrap\" data-name=\"your-phone\"><input class=\"wpcf7-form-control wpcf7-number wpcf7-validates-as-number\" aria-invalid=\"false\" placeholder=\"Telefono\" value=\"\" type=\"number\" name=\"your-phone\" \/><\/span>\n<\/p>\n<p><span class=\"wpcf7-form-control-wrap\" data-name=\"your-message\"><textarea cols=\"40\" rows=\"4\" maxlength=\"2000\" class=\"wpcf7-form-control wpcf7-textarea wpcf7-validates-as-required\" aria-required=\"true\" aria-invalid=\"false\" placeholder=\"Messaggio*\" name=\"your-message\"><\/textarea><\/span>\n<\/p>\n<div style=\"font-size:0.9em !important;margin-bottom: 10px;color:#5b779d;\" >\n\t<p><span class=\"wpcf7-form-control-wrap\" data-name=\"acceptance-privacy\"><span class=\"wpcf7-form-control wpcf7-acceptance\"><span class=\"wpcf7-list-item\"><label><input type=\"checkbox\" name=\"acceptance-privacy\" value=\"1\" aria-invalid=\"false\" \/><span class=\"wpcf7-list-item-label\">- Acconsento al trattamento dei miei dati personali in accordo con la pi\u00f9 recente <a href=\"https:\/\/www.asigestbroker.cz\/it\/privacy-policy\/\" target=\"_blank\" style=\"font-size:0.9em;color:#5b779d70;\" >Privacy Policy<\/a><\/span><\/label><\/span><\/span><\/span>\n\t<\/p>\n<\/div>\n<div class=\"form-button-container\">\n\t<p><input class=\"wpcf7-form-control wpcf7-submit has-spinner\" type=\"submit\" value=\"Invia\" \/>\n\t<\/p>\n<\/div><div class=\"wpcf7-response-output\" aria-hidden=\"true\"><\/div>\n<\/form>\n<\/div>\n\n\t<\/div>\n<\/div><\/div><\/div><\/div><div id=\"pgc-9-3-1\"  class=\"panel-grid-cell panel-grid-cell-empty\" ><\/div><\/div><\/div><div id=\"pg-9-4\"  class=\"panel-grid panel-has-style\" ><div class=\"siteorigin-panels-stretch panel-row-style panel-row-style-for-9-4\" data-stretch-type=\"full-stretched\" ><div id=\"pgc-9-4-0\"  class=\"panel-grid-cell\" ><div id=\"panel-9-4-0-0\" class=\"widget_text so-panel widget widget_custom_html panel-first-child panel-last-child\" data-index=\"4\" ><div class=\"widget_text panel-widget-style panel-widget-style-for-9-4-0-0\" ><div class=\"textwidget custom-html-widget\"><style type=\"text\/css\" id=\"umsMapStyles_3_24903\">\r\n    #ultimate_maps_3_24903 {\r\n        width: 100%;\r\n        height: 600px;\r\n                border: 0px solid ;\r\n        margin: 0px;\r\n    }\r\n    #mapsControlsNum_3_24903 {\r\n        width:100%    }\r\n    .umsMapDetailsContainer#umsMapDetailsContainer_3_24903 {\r\n        height:600px;\r\n    }\r\n    .ums_MapPreview#ultimate_maps_3_24903 {\r\n        \/*position:absolute;*\/\r\n        width:100%;\r\n    }\r\n    #mapConElem_3_24903{\r\n        width:100%    }\r\n    <\/style><div class=\"ums_map_opts\" id=\"mapConElem_3_24903\" data-id=\"3\" data-view-id=\"3_24903\" > <div class=\"umsMapDetailsContainer\" id=\"umsMapDetailsContainer_3_24903\"> <i class=\"umsKMLLayersPreloader fa fa-spinner fa-spin\" aria-hidden=\"true\" style=\"display: none;\"><\/i> <div class=\"ums_MapPreview \" id=\"ultimate_maps_3_24903\"><\/div> <\/div> <div class=\"umsMapMarkerFilters\" id=\"umsMapMarkerFilters_3_24903\"> <\/div> <div class=\"umsMapProControlsCon\" id=\"umsMapProControlsCon_3_24903\"> <a title=\"Google Maps Wordpress\" style=\"display:none;\" href=\"https:\/\/supsystic.com\/plugins\/google-maps-plugin\/?utm_medium=love_link_hide\" target=\"_blank\">Google Maps Wordpress<\/a><div style=\"clear: both;\"><\/div> <\/div> <div class=\"umsMapProDirectionsCon\" id=\"umsMapProDirectionsCon_3_24903\" > <\/div> <div class=\"umsMapProKmlFilterCon\" id=\"umsMapProKmlFilterCon_3_24903\" > <\/div> <div class=\"umsSocialSharingShell umsSocialSharingShell_3_24903\"> <\/div> <div style=\"clear: both;\"><\/div> <\/div><\/div><\/div><\/div><\/div><\/div><\/div><\/div>","protected":false},"excerpt":{"rendered":"<p>CONTATTI ASIGEST BROKER CZ s.r.o. Sede della Societ\u00e0: Belgick\u00e1 115\/40 120 00 Praha 2 \u2013 Vinohrady \u010cesk\u00e1 Republika Ufficio Operativo: V\u00e1clavsk\u00e9 n\u00e1m. 47 110 00 Praha 1 \u2013 Nov\u00e9 M\u011bsto \u010cesk\u00e1 Republika Ing. Monika Alberti Amministratore Mob. (CZ): +420 603 360 465 Cell. (IT): +39 347 11 29 865 E-mail: monika.alberti@asigestbroker.cz Michele Alberti Amministratore Cell.&hellip;<\/p>\n","protected":false},"author":10,"featured_media":0,"parent":0,"menu_order":0,"comment_status":"closed","ping_status":"closed","template":"","meta":{"footnotes":""},"class_list":["post-9","page","type-page","status-publish","hentry","post"],"_links":{"self":[{"href":"https:\/\/asigestbroker.cz\/it\/wp-json\/wp\/v2\/pages\/9","targetHints":{"allow":["GET"]}}],"collection":[{"href":"https:\/\/asigestbroker.cz\/it\/wp-json\/wp\/v2\/pages"}],"about":[{"href":"https:\/\/asigestbroker.cz\/it\/wp-json\/wp\/v2\/types\/page"}],"author":[{"embeddable":true,"href":"https:\/\/asigestbroker.cz\/it\/wp-json\/wp\/v2\/users\/10"}],"replies":[{"embeddable":true,"href":"https:\/\/asigestbroker.cz\/it\/wp-json\/wp\/v2\/comments?post=9"}],"version-history":[{"count":8,"href":"https:\/\/asigestbroker.cz\/it\/wp-json\/wp\/v2\/pages\/9\/revisions"}],"predecessor-version":[{"id":4017,"href":"https:\/\/asigestbroker.cz\/it\/wp-json\/wp\/v2\/pages\/9\/revisions\/4017"}],"wp:attachment":[{"href":"https:\/\/asigestbroker.cz\/it\/wp-json\/wp\/v2\/media?parent=9"}],"curies":[{"name":"wp","href":"https:\/\/api.w.org\/{rel}","templated":true}]}}