{"id":7,"date":"2014-10-27T13:46:01","date_gmt":"2014-10-27T12:46:01","guid":{"rendered":"http:\/\/www.florama.it\/?page_id=7"},"modified":"2023-11-17T14:49:52","modified_gmt":"2023-11-17T13:49:52","slug":"societa","status":"publish","type":"page","link":"https:\/\/asigestbroker.cz\/it\/societa\/","title":{"rendered":"Societ\u00e0"},"content":{"rendered":"<div id=\"pl-7\"  class=\"panel-layout\" ><div id=\"pg-7-0\"  class=\"panel-grid panel-has-style\" ><div class=\"hp-panel siteorigin-panels-stretch panel-row-style panel-row-style-for-7-0\" data-stretch-type=\"full-stretched-padded\" ><div id=\"pgc-7-0-0\"  class=\"panel-grid-cell\" ><div id=\"panel-7-0-0-0\" class=\"widget_text so-panel widget widget_custom_html panel-first-child panel-last-child\" data-index=\"0\" ><div class=\"widget_text panel-widget-style panel-widget-style-for-7-0-0-0\" ><div class=\"textwidget custom-html-widget\"><div class=\"hp-claim-wrapper\">\n\t<h2 class=\"hp-claim-title sx\">\n\t\tSULLA SOCIET\u00c0\n\t<\/h2>\n\t<p class=\"chi-siamo-text justify\">\n\t\tCompany <strong>ASIGEST BROKER CZ s.r.o.<\/strong> nasce con l'obiettivo di rispondere alla sempre pi\u00f9 crescente domanda in ambito assicurativo dovuta dalle fiorenti esigenze della realt\u00e0 imprenditoriale attuale, attiva sia in Italia che in Repubblica Ceca. \nLa principale sede dell\u2019azienda \u00e8 situata a Praga, mentre l\u2019altra sede operativa si trova a Brescia, in Italia. La societ\u00e0 \u00e8 inoltre autorizzata ad operare liberamente nell\u2019ambito freedom of services  in stati come Germania, Austria, Slovacchia e Italia.\n\t<\/p>\n\t<p class=\"chi-siamo-text justify\">\n\t\tLa propriet\u00e0 e la gestione dell\u2019azienda viene affidata ai professionisti del settore assicurativo, che alle spalle accantonano pi\u00f9 di 25 anni d\u2019esperienza e successo; questo \u00e8 dato dal duro lavoro, dalla collaborazione con le primarie  compagnie operanti in vari settori, (commerciale, industriale) e infine grazie alla partnership con le compagnie assicurative pi\u00f9 affermate e importanti presenti sul mercato, sia a scala locale che internazionale. \nIn quanto esperti del mestiere altamente specializzati nel campo della gestione del rischio la nostra azienda vuole affiancare i vari clienti con l\u2019obbiettivo di: \n\t<\/p>\n\t<ul>\n\t\t<li>Conservare e creare valore <\/li>\n\t\t<li>Ridurre le incertezze e anticipare i rischi<\/li>\n\t\t<li>Entrare a far parte dei processi organizzativi interni all'organizzazione <\/li>\n\t\t<li>Pianificare nel campo assicurativo in un ambito pi\u00f9 ampio legato alla gestione del rischio<\/li>\n\t<\/ul>\n<\/div>\n<\/div><\/div><\/div><\/div><div id=\"pgc-7-0-1\"  class=\"panel-grid-cell\" ><div id=\"panel-7-0-1-0\" class=\"so-panel widget widget_sow-editor panel-first-child panel-last-child\" data-index=\"1\" ><div class=\"panel-widget-style panel-widget-style-for-7-0-1-0\" ><div\n\t\t\t\n\t\t\tclass=\"so-widget-sow-editor so-widget-sow-editor-base\"\n\t\t\t\n\t\t>\n<div class=\"siteorigin-widget-tinymce textwidget\">\n\t<div class=\"hp-claim-img\"><img loading=\"lazy\" decoding=\"async\" class=\"wp-image-3817 size-full aligncenter\" src=\"https:\/\/asigestbroker.cz\/wp-content\/uploads\/asigest-broker-cz-the-flow-building.jpg\" alt=\"\" width=\"1200\" height=\"900\" srcset=\"https:\/\/asigestbroker.cz\/wp-content\/uploads\/asigest-broker-cz-the-flow-building.jpg 1200w, https:\/\/asigestbroker.cz\/wp-content\/uploads\/asigest-broker-cz-the-flow-building-300x225.jpg 300w, https:\/\/asigestbroker.cz\/wp-content\/uploads\/asigest-broker-cz-the-flow-building-1024x768.jpg 1024w, https:\/\/asigestbroker.cz\/wp-content\/uploads\/asigest-broker-cz-the-flow-building-768x576.jpg 768w\" sizes=\"auto, (max-width: 1200px) 100vw, 1200px\" \/><\/div>\n<\/div>\n<\/div><\/div><\/div><\/div><\/div><\/div><div id=\"pg-7-1\"  class=\"panel-grid panel-no-style\" ><div id=\"pgc-7-1-0\"  class=\"panel-grid-cell\" ><div id=\"panel-7-1-0-0\" class=\"widget_text so-panel widget widget_custom_html panel-first-child\" data-index=\"2\" ><div class=\"textwidget custom-html-widget\"><div class=\"hp-claim-wrapper\">\n\t<h2 class=\"hp-claim-title centrato\">\n\t\tIL NOSTRO GRUPPO\n\t<\/h2>\n<\/div>\n<\/div><\/div><div id=\"panel-7-1-0-1\" class=\"widget_text so-panel widget widget_custom_html\" data-index=\"3\" ><div class=\"textwidget custom-html-widget\"><div class=\"flag-wrapper\">\n\t<div class=\"flag-box\"><img loading=\"lazy\" decoding=\"async\" class=\"size-full aligncenter\" src=\"https:\/\/asigestbroker.cz\/wp-content\/uploads\/Asigest-Holding-Lombardini-milano.jpg\" alt=\"\" width=\"300\" height=\"200\" \/><\/div>\n\t<div class=\"chi-siamo-text-flag justify\">\n\t\tFondata nel 1992 a Biella per soddisfare le esigenze assicurative del tessuto imprenditoriale locale, <strong>Asigest Broker S.p.a.<\/strong>, grazie ad oltre 80 professionisti che operano sul territorio nazionale e al proprio staff presente in 6 paesi, \u00e8 oggi un Broker Assicurativo in grado di <strong>assistere il cliente<\/strong> nella <strong>gestione del rischio e delle sue esigenze assicurative, ovunque sia localizzato il suo business<\/strong>.\n\t<\/div>\n<\/div><\/div><\/div><div id=\"panel-7-1-0-2\" class=\"widget_text so-panel widget widget_custom_html\" data-index=\"4\" ><div class=\"textwidget custom-html-widget\"><div class=\"flag-wrapper\">\n\t<div class=\"flag-box\"><img decoding=\"async\" class=\"size-full aligncenter\" src=\"https:\/\/www.asigestbroker.cz\/wp-content\/uploads\/Asigest-Holding-Germania-Amburgo-1.jpg\" alt=\"\" \/><\/div>\n\t<div class=\"chi-siamo-text-flag justify\">\n\t\t<strong>Asigest Germania<\/strong> \u00e8 specializzata nel settore <strong>Marine, H&amp;M, P&amp;I, e assicurazioni Cargo, Noleggio e Yacht<\/strong>.\nOltre ai ben conosciuti prodotto standard disponibili sul mercato internazionale, <strong>Asigest Germania<\/strong> offre un\u2019ampia scelta di coperture e modelli assicurativi che il restante mercato non offre comunemente.\n\t<\/div>\n<\/div><\/div><\/div><div id=\"panel-7-1-0-3\" class=\"widget_text so-panel widget widget_custom_html\" data-index=\"5\" ><div class=\"textwidget custom-html-widget\"><div class=\"flag-wrapper\">\n\t<div class=\"flag-box\"><img loading=\"lazy\" decoding=\"async\" class=\"size-full aligncenter\" src=\"https:\/\/www.asigestbroker.cz\/wp-content\/uploads\/Asigest-Holding-Romania-Bucarest-1.jpg\" alt=\"\" width=\"300\" height=\"200\" \/><\/div>\n\t<div class=\"chi-siamo-text-flag justify\">\n\t\t<strong>Asigest Romania<\/strong>, societ\u00e0 fondata nel <strong>1994<\/strong>, \u00e8 uno tra i pi\u00f9 importanti broker romeni.\tPer pi\u00f9 di <strong>20 anni<\/strong> Asigest \u00e8 stata leader del mercato del brokeraggio assicurativo che attualmente conta pi\u00f9 di 500 broker.<br \/>\n\t\tOltre alla sede principale a Bucarest, abbiamo 3 filiali principali (Bucarest, Timosoara e Cluj) e altri uffici di rappresentanza in  22 citt\u00e0 su tutto il territorio nazionale.<br \/>\n\t<\/div>\n<\/div><\/div><\/div><div id=\"panel-7-1-0-4\" class=\"widget_text so-panel widget widget_custom_html\" data-index=\"6\" ><div class=\"textwidget custom-html-widget\"><div class=\"flag-wrapper\">\n\t<div class=\"flag-box\"><img loading=\"lazy\" decoding=\"async\" class=\"size-full aligncenter\" src=\"https:\/\/www.asigestbroker.cz\/wp-content\/uploads\/Asigest-Holding-Serbia-Belgrado-1.jpg\" alt=\"\" width=\"300\" height=\"200\" \/><\/div>\n\t<div class=\"chi-siamo-text-flag justify\">\n\t\t<strong>Asigest Serbia<\/strong> concentra principalmente il suo portafoglio sui rami danni, in particolare sui prodotti <strong>property<\/strong> per clienti corporate, <strong>RC (GTPL, PI) e assicurazioni per il trasporto merci (CMR,CARGO)<\/strong>, operando su differenti linee di business sia a livello corporate (compagnie di trasporti, hotels, strutture ed edifici commerciali, Professionisti) sia a livello personal line (Assicurazioni Kasco, viaggio e casa).\n\t<\/div>\n<\/div><\/div><\/div><div id=\"panel-7-1-0-5\" class=\"widget_text so-panel widget widget_custom_html\" data-index=\"7\" ><div class=\"textwidget custom-html-widget\"><div class=\"flag-wrapper\">\n\t<div class=\"flag-box\"><img loading=\"lazy\" decoding=\"async\" class=\"size-full aligncenter\" src=\"https:\/\/www.asigestbroker.cz\/wp-content\/uploads\/Asigest-Holding-Marocco-Casablanca-1.jpg\" alt=\"\" width=\"300\" height=\"200\" \/><\/div>\n\t<div class=\"chi-siamo-text-flag justify\">\n\t\tNel 2008 <strong>Asigest Marocco<\/strong>, acquista il Broker locale Basco permettendogli di espandersi oltre i confini nazionali, aumentando il suo organico in modo da offrire un servizio sempre pi\u00f9 efficiente alla sua clientela. Basco ha una grande esperienza in campo di analisi, studio e consulenza nel ramo assicurativo ed \u00e8 in grado di rispondere a tutte le esigenze locali e internazionali dei suoi clienti.<br \/>\n\t\t<\/div>\n\t<\/div><\/div><\/div><div id=\"panel-7-1-0-6\" class=\"widget_text so-panel widget widget_custom_html panel-last-child\" data-index=\"8\" ><div class=\"textwidget custom-html-widget\"><div class=\"flag-wrapper\">\n\t<div class=\"flag-box\"><img loading=\"lazy\" decoding=\"async\" class=\" size-full aligncenter\" src=\"https:\/\/www.asigestbroker.cz\/wp-content\/uploads\/Asigest-Holding-Turchia-Istanbul-1.jpg\" alt=\"\" width=\"300\" height=\"200\" \/><\/div>\n\t<div class=\"chi-siamo-text-flag justify\">\n\t\t<strong>Dal 2013 Evrensel<\/strong> \u00e8 entrata nel gruppo <strong>Asigest<\/strong>. <strong>Evrensel<\/strong> oggi pu\u00f2 essere definita come un <strong>broker globale, multiculturale e multilingua, sensibile<\/strong> ai problemi e alle esigenze nazionali e locali, rispondendo pienamente a tutti gli standard internazionali in termini di qualit\u00e0 dei servizi assicurazione erogati rispetto alle esigenze dei clienti.\n\n\t<\/div>\n<\/div><\/div><\/div><\/div><\/div><div id=\"pg-7-2\"  class=\"panel-grid panel-has-style\" ><div class=\"siteorigin-panels-stretch panel-row-style panel-row-style-for-7-2\" id=\"asigest-broker-sedi-mondo\" data-stretch-type=\"full-stretched-padded\" ><div id=\"pgc-7-2-0\"  class=\"panel-grid-cell\" ><div id=\"panel-7-2-0-0\" class=\"widget_text so-panel widget widget_custom_html panel-first-child panel-last-child\" data-index=\"9\" ><div class=\"textwidget custom-html-widget\"><div class=\"sedi-wrapper\">\n\t<div class=\"sedi-text-wrapper\">\n\t\t<h2 class=\"sedi-title\">\n\t\t\tSEDI NEL MONDO\n\t\t<\/h2>\n\t<\/div>\n<\/div>\n<style type=\"text\/css\" id=\"umsMapStyles_4_20830\">\r\n    #ultimate_maps_4_20830 {\r\n        width: 100%;\r\n        height: 600px;\r\n                border: 0px solid ;\r\n        margin: 0px;\r\n    }\r\n    #mapsControlsNum_4_20830 {\r\n        width:100%    }\r\n    .umsMapDetailsContainer#umsMapDetailsContainer_4_20830 {\r\n        height:600px;\r\n    }\r\n    .ums_MapPreview#ultimate_maps_4_20830 {\r\n        \/*position:absolute;*\/\r\n        width:100%;\r\n    }\r\n    #mapConElem_4_20830{\r\n        width:100%    }\r\n    <\/style><div class=\"ums_map_opts\" id=\"mapConElem_4_20830\" data-id=\"4\" data-view-id=\"4_20830\" > <div class=\"umsMapDetailsContainer\" id=\"umsMapDetailsContainer_4_20830\"> <i class=\"umsKMLLayersPreloader fa fa-spinner fa-spin\" aria-hidden=\"true\" style=\"display: none;\"><\/i> <div class=\"ums_MapPreview \" id=\"ultimate_maps_4_20830\"><\/div> <\/div> <div class=\"umsMapMarkerFilters\" id=\"umsMapMarkerFilters_4_20830\"> <\/div> <div class=\"umsMapProControlsCon\" id=\"umsMapProControlsCon_4_20830\"> <a title=\"Google Maps Wordpress\" style=\"display:none;\" href=\"https:\/\/supsystic.com\/plugins\/google-maps-plugin\/?utm_medium=love_link_hide\" target=\"_blank\">Google Maps Wordpress<\/a><div style=\"clear: both;\"><\/div> <\/div> <div class=\"umsMapProDirectionsCon\" id=\"umsMapProDirectionsCon_4_20830\" > <\/div> <div class=\"umsMapProKmlFilterCon\" id=\"umsMapProKmlFilterCon_4_20830\" > <\/div> <div class=\"umsSocialSharingShell umsSocialSharingShell_4_20830\"> <\/div> <div style=\"clear: both;\"><\/div> <\/div><\/div><\/div><\/div><\/div><\/div><div id=\"pg-7-3\"  class=\"panel-grid panel-has-style\" ><div class=\"siteorigin-panels-stretch panel-row-style panel-row-style-for-7-3\" id=\"asigest-broker-sedi-italia\" data-stretch-type=\"full-stretched-padded\" ><div id=\"pgc-7-3-0\"  class=\"panel-grid-cell\" ><div id=\"panel-7-3-0-0\" class=\"widget_text so-panel widget widget_custom_html panel-first-child panel-last-child\" data-index=\"10\" ><div class=\"textwidget custom-html-widget\"><div class=\"sedi-text-wrapper\">\n\t<h2 id=\"#italy\" class=\"sedi-title\">\n\tSEDI IN REPUBBLICA CECA\n\t<\/h2>\n<\/div>\n<style type=\"text\/css\" id=\"umsMapStyles_3_62078\">\r\n    #ultimate_maps_3_62078 {\r\n        width: 100%;\r\n        height: 600px;\r\n                border: 0px solid ;\r\n        margin: 0px;\r\n    }\r\n    #mapsControlsNum_3_62078 {\r\n        width:100%    }\r\n    .umsMapDetailsContainer#umsMapDetailsContainer_3_62078 {\r\n        height:600px;\r\n    }\r\n    .ums_MapPreview#ultimate_maps_3_62078 {\r\n        \/*position:absolute;*\/\r\n        width:100%;\r\n    }\r\n    #mapConElem_3_62078{\r\n        width:100%    }\r\n    <\/style><div class=\"ums_map_opts\" id=\"mapConElem_3_62078\" data-id=\"3\" data-view-id=\"3_62078\" > <div class=\"umsMapDetailsContainer\" id=\"umsMapDetailsContainer_3_62078\"> <i class=\"umsKMLLayersPreloader fa fa-spinner fa-spin\" aria-hidden=\"true\" style=\"display: none;\"><\/i> <div class=\"ums_MapPreview \" id=\"ultimate_maps_3_62078\"><\/div> <\/div> <div class=\"umsMapMarkerFilters\" id=\"umsMapMarkerFilters_3_62078\"> <\/div> <div class=\"umsMapProControlsCon\" id=\"umsMapProControlsCon_3_62078\"> <a title=\"Google Maps Wordpress\" style=\"display:none;\" href=\"https:\/\/supsystic.com\/plugins\/google-maps-plugin\/?utm_medium=love_link_hide\" target=\"_blank\">Google Maps Wordpress<\/a><div style=\"clear: both;\"><\/div> <\/div> <div class=\"umsMapProDirectionsCon\" id=\"umsMapProDirectionsCon_3_62078\" > <\/div> <div class=\"umsMapProKmlFilterCon\" id=\"umsMapProKmlFilterCon_3_62078\" > <\/div> <div class=\"umsSocialSharingShell umsSocialSharingShell_3_62078\"> <\/div> <div style=\"clear: both;\"><\/div> <\/div><\/div><\/div><\/div><\/div><\/div><\/div>","protected":false},"excerpt":{"rendered":"<p>SULLA SOCIET\u00c0 Company ASIGEST BROKER CZ s.r.o. nasce con l&#8217;obiettivo di rispondere alla sempre pi\u00f9 crescente domanda in ambito assicurativo dovuta dalle fiorenti esigenze della realt\u00e0 imprenditoriale attuale, attiva sia in Italia che in Repubblica Ceca. La principale sede dell\u2019azienda \u00e8 situata a Praga, mentre l\u2019altra sede operativa si trova a Brescia, in Italia. La&hellip;<\/p>\n","protected":false},"author":10,"featured_media":0,"parent":0,"menu_order":0,"comment_status":"closed","ping_status":"closed","template":"","meta":{"footnotes":""},"class_list":["post-7","page","type-page","status-publish","hentry","post"],"_links":{"self":[{"href":"https:\/\/asigestbroker.cz\/it\/wp-json\/wp\/v2\/pages\/7","targetHints":{"allow":["GET"]}}],"collection":[{"href":"https:\/\/asigestbroker.cz\/it\/wp-json\/wp\/v2\/pages"}],"about":[{"href":"https:\/\/asigestbroker.cz\/it\/wp-json\/wp\/v2\/types\/page"}],"author":[{"embeddable":true,"href":"https:\/\/asigestbroker.cz\/it\/wp-json\/wp\/v2\/users\/10"}],"replies":[{"embeddable":true,"href":"https:\/\/asigestbroker.cz\/it\/wp-json\/wp\/v2\/comments?post=7"}],"version-history":[{"count":8,"href":"https:\/\/asigestbroker.cz\/it\/wp-json\/wp\/v2\/pages\/7\/revisions"}],"predecessor-version":[{"id":3994,"href":"https:\/\/asigestbroker.cz\/it\/wp-json\/wp\/v2\/pages\/7\/revisions\/3994"}],"wp:attachment":[{"href":"https:\/\/asigestbroker.cz\/it\/wp-json\/wp\/v2\/media?parent=7"}],"curies":[{"name":"wp","href":"https:\/\/api.w.org\/{rel}","templated":true}]}}