{"id":3931,"date":"2023-10-26T16:05:38","date_gmt":"2023-10-26T14:05:38","guid":{"rendered":"https:\/\/asigestbroker.cz\/services\/comprehensive-insurance-services\/risk-analysis\/"},"modified":"2023-12-13T13:07:24","modified_gmt":"2023-12-13T12:07:24","slug":"rizikova-analyza","status":"publish","type":"page","link":"https:\/\/asigestbroker.cz\/cs\/sluzby\/komplexni-sluzby-v-pojisteni\/rizikova-analyza\/","title":{"rendered":"Rizikov\u00e1 Anal\u00fdza"},"content":{"rendered":"<div id=\"pl-3931\"  class=\"panel-layout\" ><div id=\"pg-3931-0\"  class=\"panel-grid panel-no-style\" ><div id=\"pgc-3931-0-0\"  class=\"panel-grid-cell\" ><div id=\"panel-3931-0-0-0\" class=\"widget_text so-panel widget widget_custom_html panel-first-child panel-last-child\" data-index=\"0\" ><div class=\"textwidget custom-html-widget\"><h1 class=\"division-title\">\n\tRIZIKOV\u00c1 ANAL\u00ddZA\n<\/h1>\n<img loading=\"lazy\" decoding=\"async\" class=\"alignnone size-large wp-image-1541 aligncenter\" src=\"https:\/\/asigestbroker.cz\/wp-content\/uploads\/asigest-broker-insurance-service.jpg\" alt=\"\" width=\"1024\" height=\"584\" \/><\/div><\/div><\/div><\/div><div id=\"pg-3931-1\"  class=\"panel-grid panel-no-style\" ><div id=\"pgc-3931-1-0\"  class=\"panel-grid-cell\" ><div id=\"panel-3931-1-0-0\" class=\"widget_text so-panel widget widget_custom_html panel-first-child panel-last-child\" data-index=\"1\" ><div class=\"textwidget custom-html-widget\"><div class=\"division-wrapper\">\n\t<p class=\"division-text\">\nPro na\u0161e klienty jsme solidn\u00ed oporou, zalo\u017eenou na l\u00e9ty prov\u011b\u0159en\u00fdch zku\u0161enostech a schopnostech nab\u00eddnout nejvhodn\u011bj\u0161\u00ed \u0159e\u0161en\u00ed, t\u00fdkaj\u00edc\u00ed se identifikace, zhodnocen\u00ed, a \u0159\u00edzen\u00ed rizik spole\u010dnost\u00ed aktivn\u00edch v r\u016fzn\u00fdch podnikatelsk\u00fdch oborech \u010di u priv\u00e1tn\u00edch subjekt\u016f. \n\t<\/p>\n\n\t<p class=\"division-text\">\n\t\tNa\u0161im klient\u016fm nab\u00edz\u00edme individu\u00e1ln\u00ed \u0159e\u0161en\u00ed, p\u0159ipraven\u00e1 v\u017edy na z\u00e1klad\u011b podrobn\u00e9ho zhodnocen\u00ed cel\u00e9 problematiky jejich oboru, kter\u00e9 n\u00e1m n\u00e1sledn\u011b umo\u017en\u00ed pr\u00e1v\u011b identifikaci, zhodnocen\u00ed a definici ve\u0161ker\u00fdch specifick\u00fdch rizik, jim\u017e je dan\u00e1 spole\u010dnost vystavena. \n\t<\/p>\n\n\t<p class=\"division-text\">\n\t\tTento proces zn\u00e1m\u00fd jako Risk Management, resp. jeho v\u00fdstup n\u00e1m umo\u017e\u0148uje aplikovat p\u0159im\u011b\u0159en\u00e1 \u0159e\u0161en\u00ed, zam\u011b\u0159en\u00e1 na kontrolu ve\u0161ker\u00fdch rizik za \u00fa\u010delem minimalizace jejich ekonomick\u00e9ho dopadu.\n\t<\/p>\n\n\n\n\n\n\t\n\t\n\t\n<\/div>\n<div class=\"padder-wrapper\">\n<\/div>\n<\/div><\/div><\/div><\/div><div id=\"pg-3931-2\"  class=\"panel-grid panel-has-style\" ><div class=\"contact-section siteorigin-panels-stretch panel-row-style panel-row-style-for-3931-2\" data-stretch-type=\"full\" ><div id=\"pgc-3931-2-0\"  class=\"panel-grid-cell panel-grid-cell-mobile-last\" ><div id=\"panel-3931-2-0-0\" class=\"widget_text so-panel widget widget_custom_html panel-first-child panel-last-child\" data-index=\"2\" ><div class=\"textwidget custom-html-widget\"><div class=\"sezione-prenotazione-text centrato\">\n\t<h3>\n\t\tKONTAKTUJTE N\u00c1S\n\t<\/h3>\n\t<p>\n\t\tPro v\u00edce informac\u00ed o slu\u017eb\u00e1ch, kter\u00e9 nab\u00edz\u00edme, n\u00e1s pros\u00edm kontaktujte pomoc\u00ed formul\u00e1\u0159e n\u00ed\u017ee. R\u00e1di odpov\u00edme na ka\u017edou \u017e\u00e1dost o dal\u0161\u00ed informace.\n\t<\/p>\n\t<div class=\"form-container\">\n\t\t\n<div class=\"wpcf7 no-js\" id=\"wpcf7-f3946-o1\" lang=\"en-US\" dir=\"ltr\" data-wpcf7-id=\"3946\">\n<div class=\"screen-reader-response\"><p role=\"status\" aria-live=\"polite\" aria-atomic=\"true\"><\/p> <ul><\/ul><\/div>\n<form action=\"\/cs\/wp-json\/wp\/v2\/pages\/3931#wpcf7-f3946-o1\" method=\"post\" class=\"wpcf7-form init\" aria-label=\"Contact form\" novalidate=\"novalidate\" data-status=\"init\">\n<fieldset class=\"hidden-fields-container\"><input type=\"hidden\" name=\"_wpcf7\" value=\"3946\" \/><input type=\"hidden\" name=\"_wpcf7_version\" value=\"6.1.5\" \/><input type=\"hidden\" name=\"_wpcf7_locale\" value=\"en_US\" \/><input type=\"hidden\" name=\"_wpcf7_unit_tag\" value=\"wpcf7-f3946-o1\" \/><input type=\"hidden\" name=\"_wpcf7_container_post\" value=\"0\" \/><input type=\"hidden\" name=\"_wpcf7_posted_data_hash\" value=\"\" \/>\n<\/fieldset>\n<div class=\"wpcf7-turnstile cf-turnstile\" data-sitekey=\"0x4AAAAAABs1d-jl9c7nQQX9\" data-response-field-name=\"_wpcf7_turnstile_response\"><\/div>\n\n<p><span class=\"wpcf7-form-control-wrap\" data-name=\"your-name\"><input size=\"40\" maxlength=\"400\" class=\"wpcf7-form-control wpcf7-text wpcf7-validates-as-required\" aria-required=\"true\" aria-invalid=\"false\" placeholder=\"N\u00e1zev*\" value=\"\" type=\"text\" name=\"your-name\" \/><\/span>\n<\/p>\n<p><span class=\"wpcf7-form-control-wrap\" data-name=\"your-email\"><input size=\"40\" maxlength=\"400\" class=\"wpcf7-form-control wpcf7-email wpcf7-validates-as-required wpcf7-text wpcf7-validates-as-email\" aria-required=\"true\" aria-invalid=\"false\" placeholder=\"E-mailem*\" value=\"\" type=\"email\" name=\"your-email\" \/><\/span>\n<\/p>\n<p><span class=\"wpcf7-form-control-wrap\" data-name=\"your-phone\"><input size=\"40\" maxlength=\"400\" class=\"wpcf7-form-control wpcf7-text\" aria-invalid=\"false\" placeholder=\"Telefon\" value=\"\" type=\"text\" name=\"your-phone\" \/><\/span>\n<\/p>\n<p><span class=\"wpcf7-form-control-wrap\" data-name=\"your-message\"><textarea cols=\"40\" rows=\"4\" maxlength=\"2000\" class=\"wpcf7-form-control wpcf7-textarea wpcf7-validates-as-required\" aria-required=\"true\" aria-invalid=\"false\" placeholder=\"Zpr\u00e1va*\" name=\"your-message\"><\/textarea><\/span>\n<\/p>\n<div style=\"font-size:0.9em !important;margin-bottom: 10px;color:#5b779d;\" >\n\t<p><span class=\"wpcf7-form-control-wrap\" data-name=\"acceptance-privacy\"><span class=\"wpcf7-form-control wpcf7-acceptance\"><span class=\"wpcf7-list-item\"><label><input type=\"checkbox\" name=\"acceptance-privacy\" value=\"1\" aria-invalid=\"false\" \/><span class=\"wpcf7-list-item-label\">Souhlas\u00edm se zpracov\u00e1n\u00edm m\u00fdch osobn\u00edch \u00fadaj\u016f v souladu s nejnov\u011bj\u0161\u00edmi <a href=\"https:\/\/www.asigestbroker.com\/en\/privacy\/\" target=\"_blank\" style=\"font-size:0.9em;color:#5b779d70;\" >Z\u00e1sadami ochrany osobn\u00edch \u00fadaj\u016f<\/a><\/span><\/label><\/span><\/span><\/span>\n\t<\/p>\n<\/div>\n<div class=\"form-button-container\">\n\t<p><input class=\"wpcf7-form-control wpcf7-submit has-spinner\" type=\"submit\" value=\"Poslat\" \/>\n\t<\/p>\n<\/div><div class=\"wpcf7-response-output\" aria-hidden=\"true\"><\/div>\n<\/form>\n<\/div>\n\n\t<\/div>\n<\/div><\/div><\/div><\/div><div id=\"pgc-3931-2-1\"  class=\"panel-grid-cell panel-grid-cell-empty\" ><\/div><\/div><\/div><\/div>","protected":false},"excerpt":{"rendered":"<p>RIZIKOV\u00c1 ANAL\u00ddZA Pro na\u0161e klienty jsme solidn\u00ed oporou, zalo\u017eenou na l\u00e9ty prov\u011b\u0159en\u00fdch zku\u0161enostech a schopnostech nab\u00eddnout nejvhodn\u011bj\u0161\u00ed \u0159e\u0161en\u00ed, t\u00fdkaj\u00edc\u00ed se identifikace, zhodnocen\u00ed, a \u0159\u00edzen\u00ed rizik spole\u010dnost\u00ed aktivn\u00edch v r\u016fzn\u00fdch podnikatelsk\u00fdch oborech \u010di u priv\u00e1tn\u00edch subjekt\u016f. Na\u0161im klient\u016fm nab\u00edz\u00edme individu\u00e1ln\u00ed \u0159e\u0161en\u00ed, p\u0159ipraven\u00e1 v\u017edy na z\u00e1klad\u011b podrobn\u00e9ho zhodnocen\u00ed cel\u00e9 problematiky jejich oboru, kter\u00e9 n\u00e1m n\u00e1sledn\u011b umo\u017en\u00ed pr\u00e1v\u011b&hellip;<\/p>\n","protected":false},"author":10,"featured_media":0,"parent":3925,"menu_order":10,"comment_status":"closed","ping_status":"closed","template":"","meta":{"footnotes":""},"class_list":["post-3931","page","type-page","status-publish","hentry","post"],"_links":{"self":[{"href":"https:\/\/asigestbroker.cz\/cs\/wp-json\/wp\/v2\/pages\/3931","targetHints":{"allow":["GET"]}}],"collection":[{"href":"https:\/\/asigestbroker.cz\/cs\/wp-json\/wp\/v2\/pages"}],"about":[{"href":"https:\/\/asigestbroker.cz\/cs\/wp-json\/wp\/v2\/types\/page"}],"author":[{"embeddable":true,"href":"https:\/\/asigestbroker.cz\/cs\/wp-json\/wp\/v2\/users\/10"}],"replies":[{"embeddable":true,"href":"https:\/\/asigestbroker.cz\/cs\/wp-json\/wp\/v2\/comments?post=3931"}],"version-history":[{"count":5,"href":"https:\/\/asigestbroker.cz\/cs\/wp-json\/wp\/v2\/pages\/3931\/revisions"}],"predecessor-version":[{"id":4012,"href":"https:\/\/asigestbroker.cz\/cs\/wp-json\/wp\/v2\/pages\/3931\/revisions\/4012"}],"up":[{"embeddable":true,"href":"https:\/\/asigestbroker.cz\/cs\/wp-json\/wp\/v2\/pages\/3925"}],"wp:attachment":[{"href":"https:\/\/asigestbroker.cz\/cs\/wp-json\/wp\/v2\/media?parent=3931"}],"curies":[{"name":"wp","href":"https:\/\/api.w.org\/{rel}","templated":true}]}}