{"id":3930,"date":"2023-10-26T16:10:25","date_gmt":"2023-10-26T14:10:25","guid":{"rendered":"https:\/\/asigestbroker.cz\/services\/comprehensive-insurance-services\/insurance-brokerage\/"},"modified":"2023-12-13T13:09:44","modified_gmt":"2023-12-13T12:09:44","slug":"zprostredkovani-pojisteni","status":"publish","type":"page","link":"https:\/\/asigestbroker.cz\/cs\/sluzby\/komplexni-sluzby-v-pojisteni\/zprostredkovani-pojisteni\/","title":{"rendered":"Zprost\u0159edkov\u00e1n\u00ed Poji\u0161t\u011bn\u00ed"},"content":{"rendered":"<div id=\"pl-3930\"  class=\"panel-layout\" ><div id=\"pg-3930-0\"  class=\"panel-grid panel-no-style\" ><div id=\"pgc-3930-0-0\"  class=\"panel-grid-cell\" ><div id=\"panel-3930-0-0-0\" class=\"widget_text so-panel widget widget_custom_html panel-first-child panel-last-child\" data-index=\"0\" ><div class=\"textwidget custom-html-widget\"><h1 class=\"division-title\">\n\tZPROST\u0158EDKOV\u00c1N\u00cd POJI\u0160T\u011aN\u00cd\n<\/h1>\n<img loading=\"lazy\" decoding=\"async\" class=\"alignnone size-large wp-image-1541 aligncenter\" src=\"https:\/\/asigestbroker.cz\/wp-content\/uploads\/directors-e-officers.jpg\" alt=\"\" width=\"1024\" height=\"584\" \/><\/div><\/div><\/div><\/div><div id=\"pg-3930-1\"  class=\"panel-grid panel-no-style\" ><div id=\"pgc-3930-1-0\"  class=\"panel-grid-cell\" ><div id=\"panel-3930-1-0-0\" class=\"widget_text so-panel widget widget_custom_html panel-first-child panel-last-child\" data-index=\"1\" ><div class=\"textwidget custom-html-widget\"><div class=\"division-wrapper\">\n\t<p class=\"division-text\">\n\t\tNa\u0161e klienty zastupujeme v jedn\u00e1n\u00edch s poji\u0161\u0165ovnami jak v r\u00e1mci zhodnocen\u00ed rizik a uzav\u00edr\u00e1n\u00ed pojistn\u00fdch smluv, tak tak\u00e9 p\u0159i spr\u00e1v\u011b jejich poji\u0161t\u011bn\u00ed a p\u0159i likvidaci \u0161kod.\n\t<\/p>\n\t\n\t<p class=\"division-text\">\n\t\tSpolupracujeme se v\u0161emi v\u00fdznamn\u00fdmi pojistiteli, a to jak na m\u00edstn\u00edch trz\u00edch, tak tak\u00e9 v mezin\u00e1rodn\u00edm rozsahu.\n\t<\/p>\n\t\n\t<p class=\"division-text\">\n\t\tD\u00edky na\u0161emu know-how a znalostem mezin\u00e1rodn\u00edho pojistn\u00e9ho trhu, nadstandardn\u00edm kontakt\u016fm u v\u00fdznamn\u00fdch poji\u0161\u0165oven a zaji\u0161\u0165oven a komunikativn\u00edm schopnostem v n\u011bm\u010din\u011b, ital\u0161tin\u011b a angli\u010dtin\u011b jsme schopni postarat se i o o\u0161et\u0159en\u00ed pojistn\u00fdch z\u00e1jmu na\u0161ich klient\u016f, kte\u0159\u00ed jsou aktivn\u00ed v mezin\u00e1rodn\u00edm m\u011b\u0159\u00edtku. \n\t<\/p>\n\t\n<\/div>\n<div class=\"padder-wrapper\">\n<\/div>\n<\/div><\/div><\/div><\/div><div id=\"pg-3930-2\"  class=\"panel-grid panel-has-style\" ><div class=\"contact-section siteorigin-panels-stretch panel-row-style panel-row-style-for-3930-2\" data-stretch-type=\"full\" ><div id=\"pgc-3930-2-0\"  class=\"panel-grid-cell panel-grid-cell-mobile-last\" ><div id=\"panel-3930-2-0-0\" class=\"widget_text so-panel widget widget_custom_html panel-first-child panel-last-child\" data-index=\"2\" ><div class=\"textwidget custom-html-widget\"><div class=\"sezione-prenotazione-text centrato\">\n\t<h3>\n\t\tKONTAKTUJTE N\u00c1S\n\t<\/h3>\n\t<p>\n\t\tPro v\u00edce informac\u00ed o slu\u017eb\u00e1ch, kter\u00e9 nab\u00edz\u00edme, n\u00e1s pros\u00edm kontaktujte pomoc\u00ed formul\u00e1\u0159e n\u00ed\u017ee. R\u00e1di odpov\u00edme na ka\u017edou \u017e\u00e1dost o dal\u0161\u00ed informace.\n\t<\/p>\n\t<div class=\"form-container\">\n\t\t\n<div class=\"wpcf7 no-js\" id=\"wpcf7-f3946-o1\" lang=\"en-US\" dir=\"ltr\" data-wpcf7-id=\"3946\">\n<div class=\"screen-reader-response\"><p role=\"status\" aria-live=\"polite\" aria-atomic=\"true\"><\/p> <ul><\/ul><\/div>\n<form action=\"\/cs\/wp-json\/wp\/v2\/pages\/3930#wpcf7-f3946-o1\" method=\"post\" class=\"wpcf7-form init\" aria-label=\"Contact form\" novalidate=\"novalidate\" data-status=\"init\">\n<fieldset class=\"hidden-fields-container\"><input type=\"hidden\" name=\"_wpcf7\" value=\"3946\" \/><input type=\"hidden\" name=\"_wpcf7_version\" value=\"6.1.5\" \/><input type=\"hidden\" name=\"_wpcf7_locale\" value=\"en_US\" \/><input type=\"hidden\" name=\"_wpcf7_unit_tag\" value=\"wpcf7-f3946-o1\" \/><input type=\"hidden\" name=\"_wpcf7_container_post\" value=\"0\" \/><input type=\"hidden\" name=\"_wpcf7_posted_data_hash\" value=\"\" \/>\n<\/fieldset>\n<div class=\"wpcf7-turnstile cf-turnstile\" data-sitekey=\"0x4AAAAAABs1d-jl9c7nQQX9\" data-response-field-name=\"_wpcf7_turnstile_response\"><\/div>\n\n<p><span class=\"wpcf7-form-control-wrap\" data-name=\"your-name\"><input size=\"40\" maxlength=\"400\" class=\"wpcf7-form-control wpcf7-text wpcf7-validates-as-required\" aria-required=\"true\" aria-invalid=\"false\" placeholder=\"N\u00e1zev*\" value=\"\" type=\"text\" name=\"your-name\" \/><\/span>\n<\/p>\n<p><span class=\"wpcf7-form-control-wrap\" data-name=\"your-email\"><input size=\"40\" maxlength=\"400\" class=\"wpcf7-form-control wpcf7-email wpcf7-validates-as-required wpcf7-text wpcf7-validates-as-email\" aria-required=\"true\" aria-invalid=\"false\" placeholder=\"E-mailem*\" value=\"\" type=\"email\" name=\"your-email\" \/><\/span>\n<\/p>\n<p><span class=\"wpcf7-form-control-wrap\" data-name=\"your-phone\"><input size=\"40\" maxlength=\"400\" class=\"wpcf7-form-control wpcf7-text\" aria-invalid=\"false\" placeholder=\"Telefon\" value=\"\" type=\"text\" name=\"your-phone\" \/><\/span>\n<\/p>\n<p><span class=\"wpcf7-form-control-wrap\" data-name=\"your-message\"><textarea cols=\"40\" rows=\"4\" maxlength=\"2000\" class=\"wpcf7-form-control wpcf7-textarea wpcf7-validates-as-required\" aria-required=\"true\" aria-invalid=\"false\" placeholder=\"Zpr\u00e1va*\" name=\"your-message\"><\/textarea><\/span>\n<\/p>\n<div style=\"font-size:0.9em !important;margin-bottom: 10px;color:#5b779d;\" >\n\t<p><span class=\"wpcf7-form-control-wrap\" data-name=\"acceptance-privacy\"><span class=\"wpcf7-form-control wpcf7-acceptance\"><span class=\"wpcf7-list-item\"><label><input type=\"checkbox\" name=\"acceptance-privacy\" value=\"1\" aria-invalid=\"false\" \/><span class=\"wpcf7-list-item-label\">Souhlas\u00edm se zpracov\u00e1n\u00edm m\u00fdch osobn\u00edch \u00fadaj\u016f v souladu s nejnov\u011bj\u0161\u00edmi <a href=\"https:\/\/www.asigestbroker.com\/en\/privacy\/\" target=\"_blank\" style=\"font-size:0.9em;color:#5b779d70;\" >Z\u00e1sadami ochrany osobn\u00edch \u00fadaj\u016f<\/a><\/span><\/label><\/span><\/span><\/span>\n\t<\/p>\n<\/div>\n<div class=\"form-button-container\">\n\t<p><input class=\"wpcf7-form-control wpcf7-submit has-spinner\" type=\"submit\" value=\"Poslat\" \/>\n\t<\/p>\n<\/div><div class=\"wpcf7-response-output\" aria-hidden=\"true\"><\/div>\n<\/form>\n<\/div>\n\n\t<\/div>\n<\/div><\/div><\/div><\/div><div id=\"pgc-3930-2-1\"  class=\"panel-grid-cell panel-grid-cell-empty\" ><\/div><\/div><\/div><\/div>","protected":false},"excerpt":{"rendered":"<p>ZPROST\u0158EDKOV\u00c1N\u00cd POJI\u0160T\u011aN\u00cd Na\u0161e klienty zastupujeme v jedn\u00e1n\u00edch s poji\u0161\u0165ovnami jak v r\u00e1mci zhodnocen\u00ed rizik a uzav\u00edr\u00e1n\u00ed pojistn\u00fdch smluv, tak tak\u00e9 p\u0159i spr\u00e1v\u011b jejich poji\u0161t\u011bn\u00ed a p\u0159i likvidaci \u0161kod. Spolupracujeme se v\u0161emi v\u00fdznamn\u00fdmi pojistiteli, a to jak na m\u00edstn\u00edch trz\u00edch, tak tak\u00e9 v mezin\u00e1rodn\u00edm rozsahu. D\u00edky na\u0161emu know-how a znalostem mezin\u00e1rodn\u00edho pojistn\u00e9ho trhu, nadstandardn\u00edm kontakt\u016fm u&hellip;<\/p>\n","protected":false},"author":10,"featured_media":0,"parent":3925,"menu_order":20,"comment_status":"closed","ping_status":"closed","template":"","meta":{"footnotes":""},"class_list":["post-3930","page","type-page","status-publish","hentry","post"],"_links":{"self":[{"href":"https:\/\/asigestbroker.cz\/cs\/wp-json\/wp\/v2\/pages\/3930","targetHints":{"allow":["GET"]}}],"collection":[{"href":"https:\/\/asigestbroker.cz\/cs\/wp-json\/wp\/v2\/pages"}],"about":[{"href":"https:\/\/asigestbroker.cz\/cs\/wp-json\/wp\/v2\/types\/page"}],"author":[{"embeddable":true,"href":"https:\/\/asigestbroker.cz\/cs\/wp-json\/wp\/v2\/users\/10"}],"replies":[{"embeddable":true,"href":"https:\/\/asigestbroker.cz\/cs\/wp-json\/wp\/v2\/comments?post=3930"}],"version-history":[{"count":4,"href":"https:\/\/asigestbroker.cz\/cs\/wp-json\/wp\/v2\/pages\/3930\/revisions"}],"predecessor-version":[{"id":4013,"href":"https:\/\/asigestbroker.cz\/cs\/wp-json\/wp\/v2\/pages\/3930\/revisions\/4013"}],"up":[{"embeddable":true,"href":"https:\/\/asigestbroker.cz\/cs\/wp-json\/wp\/v2\/pages\/3925"}],"wp:attachment":[{"href":"https:\/\/asigestbroker.cz\/cs\/wp-json\/wp\/v2\/media?parent=3930"}],"curies":[{"name":"wp","href":"https:\/\/api.w.org\/{rel}","templated":true}]}}