{"id":3929,"date":"2023-10-26T16:12:41","date_gmt":"2023-10-26T14:12:41","guid":{"rendered":"https:\/\/asigestbroker.cz\/services\/comprehensive-insurance-services\/insurance-products\/"},"modified":"2023-12-13T13:27:36","modified_gmt":"2023-12-13T12:27:36","slug":"pojistne-produkty","status":"publish","type":"page","link":"https:\/\/asigestbroker.cz\/cs\/sluzby\/komplexni-sluzby-v-pojisteni\/pojistne-produkty\/","title":{"rendered":"Pojistn\u00e9 Produkty"},"content":{"rendered":"<div id=\"pl-3929\"  class=\"panel-layout\" ><div id=\"pg-3929-0\"  class=\"panel-grid panel-no-style\" ><div id=\"pgc-3929-0-0\"  class=\"panel-grid-cell\" ><div id=\"panel-3929-0-0-0\" class=\"widget_text so-panel widget widget_custom_html panel-first-child panel-last-child\" data-index=\"0\" ><div class=\"textwidget custom-html-widget\"><h1 class=\"division-title\">\n\tPOJISTN\u00c9 PRODUKTY \n<\/h1>\n<img loading=\"lazy\" decoding=\"async\" class=\"alignnone size-large wp-image-1541 aligncenter\" src=\"https:\/\/asigestbroker.cz\/wp-content\/uploads\/corporate-asigest.jpg\" alt=\"\" width=\"1024\" height=\"584\" \/><\/div><\/div><\/div><\/div><div id=\"pg-3929-1\"  class=\"panel-grid panel-no-style\" ><div id=\"pgc-3929-1-0\"  class=\"panel-grid-cell\" ><div id=\"panel-3929-1-0-0\" class=\"widget_text so-panel widget widget_custom_html panel-first-child panel-last-child\" data-index=\"1\" ><div class=\"textwidget custom-html-widget\"><div class=\"division-subtitle-box\">\n\t<h3 class=\"division-subtitle\">\n\t\tPR\u016eMYSLOV\u00c1 A PODNIKATELSK\u00c1 RIZIKA \n\t<\/h3>\n<\/div>\n<div class=\"division-wrapper\">\n\t\n\t<ul class=\"division-text\">\n\t\t<li>ALL RISK poji\u0161t\u011bn\u00ed pro pr\u016fmyslov\u00e1 rizika.<\/li>\n\t\t<li>Po\u017e\u00e1rn\u00ed poji\u0161t\u011bn\u00ed \u2013 flexa v\u010detn\u011b v\u00fdbuchu, p\u00e1du letadla a aerodynamick\u00e9ho t\u0159esku.<\/li>\n\t\t<li>\u0160kody zp\u016fsoben\u00e9 \u00fanikem vody z vodovodn\u00edho potrub\u00ed.<\/li>\n\t\t<li>\u017diveln\u00ed rizika \u2013 kroupy, vich\u0159ice, sesuv p\u016fdy, p\u00e1d kamen\u00ed, p\u00e1d stromu.<\/li>\n\t\t<li>Katastrofick\u00e1 rizika \u2013 povodn\u011b, z\u00e1plavy, zem\u011bt\u0159esen\u00ed.<\/li>\n\t\t<li>Odcizen\u00ed \u2013 kr\u00e1de\u017e vloup\u00e1n\u00edm, loupe\u017e a vandalismus.<\/li>\n\t\t<li>Vandalismus.<\/li>\n\t\t<li>Rozbit\u00ed skla.<\/li>\n\t\t<li>Elektronick\u00e1 rizika.<\/li>\n\t\t<li>EAR \u2013 strojn\u00ed rizika.<\/li>\n\t\t<li>CAR \u2013 stavebn\u00ed poji\u0161t\u011bn\u00ed all risks v\u010detn\u011b stavebn\u00edch stroj\u016f.<\/li>\n\t\t<li>Poji\u0161t\u011bn\u00ed p\u0159epravy zbo\u017e\u00ed.<\/li>\n\t\t<li>Kasko pro autoflotily.<\/li>\n\t\t<li>Kasko pro leteck\u00fd a lodn\u00ed provoz.<\/li>\n\t\t<li>Poji\u0161t\u011bn\u00ed zem\u011bd\u011blsk\u00fdch provoz\u016f v\u010detn\u011b stroj\u016f.<\/li>\n\t\t<li>Poji\u0161t\u011bn\u00ed \u00farody a zem\u011bd\u011blsk\u00e9 produkce, chovu zv\u00ed\u0159at, poji\u0161t\u011bn\u00ed les\u016f.<\/li>\n\t\t<li>Poji\u0161t\u011bn\u00ed majetku v zahrani\u010d\u00ed.<\/li>\n\t\t<li>Poji\u0161t\u011bn\u00ed nemovitosti.<\/li>\n\t<\/ul>\n<\/div>\n<div class=\"padder-wrapper\">\n<\/div>\n<\/div><\/div><\/div><\/div><div id=\"pg-3929-2\"  class=\"panel-grid panel-no-style\" ><div id=\"pgc-3929-2-0\"  class=\"panel-grid-cell\" ><div id=\"panel-3929-2-0-0\" class=\"widget_text so-panel widget widget_custom_html panel-first-child panel-last-child\" data-index=\"2\" ><div class=\"textwidget custom-html-widget\"><div class=\"division-subtitle-box\">\n\t<h3 class=\"division-subtitle\">\n\t\tFINAN\u010cN\u00cd RIZIKA V PR\u016eMYSLU A OBCHODU \n\t<\/h3>\n<\/div>\n<div class=\"division-wrapper\">\n\t<ul class=\"division-text\">\n\t\t<li>Nep\u0159\u00edm\u00e9 \u0161kody \u2013 p\u0159eru\u0161en\u00ed provozu v d\u016fsledku v\u00fd\u0161e uv\u00e1d\u011bn\u00fdch pojistn\u00fdch rizik.<\/li>\n\t\t<li>Nep\u0159\u00edm\u00e9 \u0161kody \u2013 ALL RISKS.<\/li>\n\t\t<li>Nep\u0159\u00edm\u00e9 \u0161kody \u2013 ze strojn\u00edho poji\u0161t\u011bn\u00ed.<\/li>\n\t\t<li>Poji\u0161t\u011bn\u00ed \u00fav\u011bru za zbo\u017e\u00ed.<\/li>\n\t\t<li>Z\u00e1ruky <\/li>\n\t<\/ul>\n<\/div>\n<div class=\"padder-wrapper\">\n<\/div>\n<\/div><\/div><\/div><\/div><div id=\"pg-3929-3\"  class=\"panel-grid panel-no-style\" ><div id=\"pgc-3929-3-0\"  class=\"panel-grid-cell\" ><div id=\"panel-3929-3-0-0\" class=\"widget_text so-panel widget widget_custom_html panel-first-child panel-last-child\" data-index=\"3\" ><div class=\"textwidget custom-html-widget\"><div class=\"division-subtitle-box\">\n\t<h3 class=\"division-subtitle\">\n\t\tODPOV\u011aDNOSTN\u00cd RIZIKA V PR\u016eMYSLOV\u00c9M A PODNIKATELSK\u00c9M SEKTORU\n\t<\/h3>\n<\/div>\n<div class=\"division-wrapper\">\n\t<ul class=\"division-text\">\n\t\t<li>Poji\u0161t\u011bn\u00ed provozn\u00ed odpov\u011bdnosti.<\/li>\n\t\t<li>Poji\u0161t\u011bn\u00ed odpov\u011bdnosti za v\u00fdrobek.<\/li>\n\t\t<li>Poji\u0161t\u011bn\u00ed odpov\u011bdnosti v doprav\u011b a p\u0159eprav\u011b zbo\u017e\u00ed.<\/li>\n\t\t<li>Poji\u0161t\u011bn\u00ed odpov\u011bdnosti v zem\u011bd\u011blsk\u00e9 \u010dinnosti.<\/li>\n\t\t<li>D&O \u2013 poji\u0161t\u011bn\u00ed odpov\u011bdnosti managementu.<\/li>\n\t\t<li>Poji\u0161t\u011bn\u00ed odpov\u011bdnosti za \u0161kodu zp\u016fsobenou provozem motorov\u00fdch vozidel \u2013 firemn\u00ed autoflotily.<\/li>\n\t<\/ul>\n<\/div>\n<div class=\"padder-wrapper\">\n<\/div>\n<\/div><\/div><\/div><\/div><div id=\"pg-3929-4\"  class=\"panel-grid panel-no-style\" ><div id=\"pgc-3929-4-0\"  class=\"panel-grid-cell\" ><div id=\"panel-3929-4-0-0\" class=\"widget_text so-panel widget widget_custom_html panel-first-child panel-last-child\" data-index=\"4\" ><div class=\"textwidget custom-html-widget\"><div class=\"division-subtitle-box\">\n\t<h3 class=\"division-subtitle\">\n\t\tPOJISTN\u00c9 PRODUKTY - PRIV\u00c1TN\u00cd RIZIKA\n\t<\/h3>\n<\/div>\n<div class=\"division-wrapper\">\n\t<ul class=\"division-text\">\n\t\t<li>Poji\u0161t\u011bn\u00ed bytu a domu.<\/li>\n\t\t<li>Poji\u0161t\u011bn\u00ed dom\u00e1cnosti.<\/li>\n\t\t<li>Poji\u0161t\u011bn\u00ed ob\u010dansk\u00e9 odpov\u011bdnosti.<\/li>\n\t\t<li>\u017divotn\u00ed poji\u0161t\u011bn\u00ed.<\/li>\n\t\t<li>\u00darazov\u00e9 poji\u0161t\u011bn\u00ed.<\/li>\n\t\t<li>Poji\u0161t\u011bn\u00ed motorov\u00fdch vozidel.<\/li>\n\t\t<li>Poji\u0161t\u011bn\u00ed odpov\u011bdnosti za \u0161kodu zp\u016fsobenou provozem\tmotorov\u00e9ho vozidla (povinn\u00e9 ru\u010den\u00ed).<\/li>\n\t\t<li>Cestovn\u00ed poji\u0161t\u011bn\u00ed.<\/li>\n\t<\/ul>\n<\/div>\n<div class=\"padder-wrapper\">\n<\/div>\n<\/div><\/div><\/div><\/div><div id=\"pg-3929-5\"  class=\"panel-grid panel-has-style\" ><div class=\"contact-section siteorigin-panels-stretch panel-row-style panel-row-style-for-3929-5\" data-stretch-type=\"full\" ><div id=\"pgc-3929-5-0\"  class=\"panel-grid-cell panel-grid-cell-mobile-last\" ><div id=\"panel-3929-5-0-0\" class=\"widget_text so-panel widget widget_custom_html panel-first-child panel-last-child\" data-index=\"5\" ><div class=\"textwidget custom-html-widget\"><div class=\"sezione-prenotazione-text centrato\">\n\t<h3>\n\t\tKONTAKTUJTE N\u00c1S\n\t<\/h3>\n\t<p>\n\t\tPro v\u00edce informac\u00ed o slu\u017eb\u00e1ch, kter\u00e9 nab\u00edz\u00edme, n\u00e1s pros\u00edm kontaktujte pomoc\u00ed formul\u00e1\u0159e n\u00ed\u017ee. R\u00e1di odpov\u00edme na ka\u017edou \u017e\u00e1dost o dal\u0161\u00ed informace.\n\t<\/p>\n\t<div class=\"form-container\">\n\t\t\n<div class=\"wpcf7 no-js\" id=\"wpcf7-f3946-o1\" lang=\"en-US\" dir=\"ltr\" data-wpcf7-id=\"3946\">\n<div class=\"screen-reader-response\"><p role=\"status\" aria-live=\"polite\" aria-atomic=\"true\"><\/p> <ul><\/ul><\/div>\n<form action=\"\/cs\/wp-json\/wp\/v2\/pages\/3929#wpcf7-f3946-o1\" method=\"post\" class=\"wpcf7-form init\" aria-label=\"Contact form\" novalidate=\"novalidate\" data-status=\"init\">\n<fieldset class=\"hidden-fields-container\"><input type=\"hidden\" name=\"_wpcf7\" value=\"3946\" \/><input type=\"hidden\" name=\"_wpcf7_version\" value=\"6.1.5\" \/><input type=\"hidden\" name=\"_wpcf7_locale\" value=\"en_US\" \/><input type=\"hidden\" name=\"_wpcf7_unit_tag\" value=\"wpcf7-f3946-o1\" \/><input type=\"hidden\" name=\"_wpcf7_container_post\" value=\"0\" \/><input type=\"hidden\" name=\"_wpcf7_posted_data_hash\" value=\"\" \/>\n<\/fieldset>\n<div class=\"wpcf7-turnstile cf-turnstile\" data-sitekey=\"0x4AAAAAABs1d-jl9c7nQQX9\" data-response-field-name=\"_wpcf7_turnstile_response\"><\/div>\n\n<p><span class=\"wpcf7-form-control-wrap\" data-name=\"your-name\"><input size=\"40\" maxlength=\"400\" class=\"wpcf7-form-control wpcf7-text wpcf7-validates-as-required\" aria-required=\"true\" aria-invalid=\"false\" placeholder=\"N\u00e1zev*\" value=\"\" type=\"text\" name=\"your-name\" \/><\/span>\n<\/p>\n<p><span class=\"wpcf7-form-control-wrap\" data-name=\"your-email\"><input size=\"40\" maxlength=\"400\" class=\"wpcf7-form-control wpcf7-email wpcf7-validates-as-required wpcf7-text wpcf7-validates-as-email\" aria-required=\"true\" aria-invalid=\"false\" placeholder=\"E-mailem*\" value=\"\" type=\"email\" name=\"your-email\" \/><\/span>\n<\/p>\n<p><span class=\"wpcf7-form-control-wrap\" data-name=\"your-phone\"><input size=\"40\" maxlength=\"400\" class=\"wpcf7-form-control wpcf7-text\" aria-invalid=\"false\" placeholder=\"Telefon\" value=\"\" type=\"text\" name=\"your-phone\" \/><\/span>\n<\/p>\n<p><span class=\"wpcf7-form-control-wrap\" data-name=\"your-message\"><textarea cols=\"40\" rows=\"4\" maxlength=\"2000\" class=\"wpcf7-form-control wpcf7-textarea wpcf7-validates-as-required\" aria-required=\"true\" aria-invalid=\"false\" placeholder=\"Zpr\u00e1va*\" name=\"your-message\"><\/textarea><\/span>\n<\/p>\n<div style=\"font-size:0.9em !important;margin-bottom: 10px;color:#5b779d;\" >\n\t<p><span class=\"wpcf7-form-control-wrap\" data-name=\"acceptance-privacy\"><span class=\"wpcf7-form-control wpcf7-acceptance\"><span class=\"wpcf7-list-item\"><label><input type=\"checkbox\" name=\"acceptance-privacy\" value=\"1\" aria-invalid=\"false\" \/><span class=\"wpcf7-list-item-label\">Souhlas\u00edm se zpracov\u00e1n\u00edm m\u00fdch osobn\u00edch \u00fadaj\u016f v souladu s nejnov\u011bj\u0161\u00edmi <a href=\"https:\/\/www.asigestbroker.com\/en\/privacy\/\" target=\"_blank\" style=\"font-size:0.9em;color:#5b779d70;\" >Z\u00e1sadami ochrany osobn\u00edch \u00fadaj\u016f<\/a><\/span><\/label><\/span><\/span><\/span>\n\t<\/p>\n<\/div>\n<div class=\"form-button-container\">\n\t<p><input class=\"wpcf7-form-control wpcf7-submit has-spinner\" type=\"submit\" value=\"Poslat\" \/>\n\t<\/p>\n<\/div><div class=\"wpcf7-response-output\" aria-hidden=\"true\"><\/div>\n<\/form>\n<\/div>\n\n\t<\/div>\n<\/div><\/div><\/div><\/div><div id=\"pgc-3929-5-1\"  class=\"panel-grid-cell panel-grid-cell-empty\" ><\/div><\/div><\/div><\/div>","protected":false},"excerpt":{"rendered":"<p>POJISTN\u00c9 PRODUKTY PR\u016eMYSLOV\u00c1 A PODNIKATELSK\u00c1 RIZIKA ALL RISK poji\u0161t\u011bn\u00ed pro pr\u016fmyslov\u00e1 rizika. Po\u017e\u00e1rn\u00ed poji\u0161t\u011bn\u00ed \u2013 flexa v\u010detn\u011b v\u00fdbuchu, p\u00e1du letadla a aerodynamick\u00e9ho t\u0159esku. \u0160kody zp\u016fsoben\u00e9 \u00fanikem vody z vodovodn\u00edho potrub\u00ed. \u017diveln\u00ed rizika \u2013 kroupy, vich\u0159ice, sesuv p\u016fdy, p\u00e1d kamen\u00ed, p\u00e1d stromu. Katastrofick\u00e1 rizika \u2013 povodn\u011b, z\u00e1plavy, zem\u011bt\u0159esen\u00ed. Odcizen\u00ed \u2013 kr\u00e1de\u017e vloup\u00e1n\u00edm, loupe\u017e a vandalismus. Vandalismus.&hellip;<\/p>\n","protected":false},"author":10,"featured_media":0,"parent":3925,"menu_order":30,"comment_status":"closed","ping_status":"closed","template":"","meta":{"footnotes":""},"class_list":["post-3929","page","type-page","status-publish","hentry","post"],"_links":{"self":[{"href":"https:\/\/asigestbroker.cz\/cs\/wp-json\/wp\/v2\/pages\/3929","targetHints":{"allow":["GET"]}}],"collection":[{"href":"https:\/\/asigestbroker.cz\/cs\/wp-json\/wp\/v2\/pages"}],"about":[{"href":"https:\/\/asigestbroker.cz\/cs\/wp-json\/wp\/v2\/types\/page"}],"author":[{"embeddable":true,"href":"https:\/\/asigestbroker.cz\/cs\/wp-json\/wp\/v2\/users\/10"}],"replies":[{"embeddable":true,"href":"https:\/\/asigestbroker.cz\/cs\/wp-json\/wp\/v2\/comments?post=3929"}],"version-history":[{"count":5,"href":"https:\/\/asigestbroker.cz\/cs\/wp-json\/wp\/v2\/pages\/3929\/revisions"}],"predecessor-version":[{"id":4014,"href":"https:\/\/asigestbroker.cz\/cs\/wp-json\/wp\/v2\/pages\/3929\/revisions\/4014"}],"up":[{"embeddable":true,"href":"https:\/\/asigestbroker.cz\/cs\/wp-json\/wp\/v2\/pages\/3925"}],"wp:attachment":[{"href":"https:\/\/asigestbroker.cz\/cs\/wp-json\/wp\/v2\/media?parent=3929"}],"curies":[{"name":"wp","href":"https:\/\/api.w.org\/{rel}","templated":true}]}}