{"id":3928,"date":"2021-10-14T14:49:54","date_gmt":"2021-10-14T12:49:54","guid":{"rendered":"https:\/\/asigestbroker.cz\/services\/risk-management\/"},"modified":"2023-11-15T17:25:32","modified_gmt":"2023-11-15T16:25:32","slug":"risk-management","status":"publish","type":"page","link":"https:\/\/asigestbroker.cz\/cs\/sluzby\/risk-management\/","title":{"rendered":"Risk Management"},"content":{"rendered":"<div id=\"pl-3928\"  class=\"panel-layout\" ><div id=\"pg-3928-0\"  class=\"panel-grid panel-no-style\" ><div id=\"pgc-3928-0-0\"  class=\"panel-grid-cell\" ><div id=\"panel-3928-0-0-0\" class=\"widget_text so-panel widget widget_custom_html panel-first-child panel-last-child\" data-index=\"0\" ><div class=\"textwidget custom-html-widget\"><h1 class=\"division-title\">\n\tRISK MANAGEMENT\n<\/h1>\n<img loading=\"lazy\" decoding=\"async\" class=\"alignnone size-large wp-image-1541 aligncenter\" src=\"https:\/\/asigestbroker.cz\/wp-content\/uploads\/polizza-fatturato.jpg\" alt=\"\" width=\"1024\" height=\"584\" \/><\/div><\/div><\/div><\/div><div id=\"pg-3928-1\"  class=\"panel-grid panel-no-style\" ><div id=\"pgc-3928-1-0\"  class=\"panel-grid-cell\" ><div id=\"panel-3928-1-0-0\" class=\"widget_text so-panel widget widget_custom_html panel-first-child panel-last-child\" data-index=\"1\" ><div class=\"textwidget custom-html-widget\"><div class=\"division-wrapper\">\n\t<ul class=\"division-text\">\n\t\t<li>Identifikovat, pojmenovat, zhodnotit faktory budouc\u00ed nejistoty. <\/li>\n\t\t<li>Zhodnotit citlivost st\u00e1vaj\u00edc\u00edch opat\u0159en\u00ed na tyto faktory.<\/li>\n\t\t<li>Odhadnout mo\u017en\u00e9 d\u016fsledky ztr\u00e1ty hodnot \u010di o\u010dek\u00e1van\u00fdch v\u00fdsledk\u016f.<\/li>\n\t\t<li>Identifikovat zp\u016fsoby a prost\u0159edky k omezen\u00ed t\u011bchto negativn\u00edch d\u016fsledk\u016f.<\/li>\n\t\t<li>Definovat priority, na kter\u00e9 je pot\u0159eba se soust\u0159edit s ohledem na faktory a elementy budouc\u00ed nejistoty tak, aby byly v souladu se zvolen\u00fdm strategiemi.<\/li>\n\t<\/ul>\n\t<p class=\"division-text\">\n\t\tAby bylo mo\u017en\u00e9 dos\u00e1hnout spr\u00e1vn\u00e9ho a \u00fa\u010dinn\u00e9ho \u0159\u00edzen\u00ed rizik, je nutn\u00e9 prov\u00e9st n\u011bkter\u00e9 p\u0159edb\u011b\u017en\u00e9 analytick\u00e9 operace:\n\t<\/p>\n\t<ul class=\"division-text\">\n\t\t<li>Anal\u00fdza a zhodnocen\u00ed rizik za pou\u017eit\u00ed metod Risk Managementu.<\/li>\n\t\t<li>Vyhodnocen\u00ed \u0161kodn\u00edho pr\u016fb\u011bhu za posledn\u00edch 5 let.<\/li>\n\t\t<li>Zhodnocen\u00ed st\u00e1vaj\u00edc\u00edch pojistn\u00fdch kryt\u00ed.<\/li>\n\t<\/ul>\n<\/div>\n<div class=\"padder-wrapper\">\n<\/div>\n<\/div><\/div><\/div><\/div><div id=\"pg-3928-2\"  class=\"panel-grid panel-has-style\" ><div class=\"contact-section siteorigin-panels-stretch panel-row-style panel-row-style-for-3928-2\" data-stretch-type=\"full\" ><div id=\"pgc-3928-2-0\"  class=\"panel-grid-cell panel-grid-cell-mobile-last\" ><div id=\"panel-3928-2-0-0\" class=\"widget_text so-panel widget widget_custom_html panel-first-child panel-last-child\" data-index=\"2\" ><div class=\"textwidget custom-html-widget\"><div class=\"sezione-prenotazione-text centrato\">\n\t<h3>\n\t\tKONTAKTUJTE N\u00c1S\n\t<\/h3>\n\t<p>\n\t\tPro v\u00edce informac\u00ed o slu\u017eb\u00e1ch, kter\u00e9 nab\u00edz\u00edme, n\u00e1s pros\u00edm kontaktujte pomoc\u00ed formul\u00e1\u0159e n\u00ed\u017ee. R\u00e1di odpov\u00edme na ka\u017edou \u017e\u00e1dost o dal\u0161\u00ed informace.\n\t<\/p>\n\t<div class=\"form-container\">\n\t\t\n<div class=\"wpcf7 no-js\" id=\"wpcf7-f3946-o1\" lang=\"en-US\" dir=\"ltr\" data-wpcf7-id=\"3946\">\n<div class=\"screen-reader-response\"><p role=\"status\" aria-live=\"polite\" aria-atomic=\"true\"><\/p> <ul><\/ul><\/div>\n<form action=\"\/cs\/wp-json\/wp\/v2\/pages\/3928#wpcf7-f3946-o1\" method=\"post\" class=\"wpcf7-form init\" aria-label=\"Contact form\" novalidate=\"novalidate\" data-status=\"init\">\n<fieldset class=\"hidden-fields-container\"><input type=\"hidden\" name=\"_wpcf7\" value=\"3946\" \/><input type=\"hidden\" name=\"_wpcf7_version\" value=\"6.1.5\" \/><input type=\"hidden\" name=\"_wpcf7_locale\" value=\"en_US\" \/><input type=\"hidden\" name=\"_wpcf7_unit_tag\" value=\"wpcf7-f3946-o1\" \/><input type=\"hidden\" name=\"_wpcf7_container_post\" value=\"0\" \/><input type=\"hidden\" name=\"_wpcf7_posted_data_hash\" value=\"\" \/>\n<\/fieldset>\n<div class=\"wpcf7-turnstile cf-turnstile\" data-sitekey=\"0x4AAAAAABs1d-jl9c7nQQX9\" data-response-field-name=\"_wpcf7_turnstile_response\"><\/div>\n\n<p><span class=\"wpcf7-form-control-wrap\" data-name=\"your-name\"><input size=\"40\" maxlength=\"400\" class=\"wpcf7-form-control wpcf7-text wpcf7-validates-as-required\" aria-required=\"true\" aria-invalid=\"false\" placeholder=\"N\u00e1zev*\" value=\"\" type=\"text\" name=\"your-name\" \/><\/span>\n<\/p>\n<p><span class=\"wpcf7-form-control-wrap\" data-name=\"your-email\"><input size=\"40\" maxlength=\"400\" class=\"wpcf7-form-control wpcf7-email wpcf7-validates-as-required wpcf7-text wpcf7-validates-as-email\" aria-required=\"true\" aria-invalid=\"false\" placeholder=\"E-mailem*\" value=\"\" type=\"email\" name=\"your-email\" \/><\/span>\n<\/p>\n<p><span class=\"wpcf7-form-control-wrap\" data-name=\"your-phone\"><input size=\"40\" maxlength=\"400\" class=\"wpcf7-form-control wpcf7-text\" aria-invalid=\"false\" placeholder=\"Telefon\" value=\"\" type=\"text\" name=\"your-phone\" \/><\/span>\n<\/p>\n<p><span class=\"wpcf7-form-control-wrap\" data-name=\"your-message\"><textarea cols=\"40\" rows=\"4\" maxlength=\"2000\" class=\"wpcf7-form-control wpcf7-textarea wpcf7-validates-as-required\" aria-required=\"true\" aria-invalid=\"false\" placeholder=\"Zpr\u00e1va*\" name=\"your-message\"><\/textarea><\/span>\n<\/p>\n<div style=\"font-size:0.9em !important;margin-bottom: 10px;color:#5b779d;\" >\n\t<p><span class=\"wpcf7-form-control-wrap\" data-name=\"acceptance-privacy\"><span class=\"wpcf7-form-control wpcf7-acceptance\"><span class=\"wpcf7-list-item\"><label><input type=\"checkbox\" name=\"acceptance-privacy\" value=\"1\" aria-invalid=\"false\" \/><span class=\"wpcf7-list-item-label\">Souhlas\u00edm se zpracov\u00e1n\u00edm m\u00fdch osobn\u00edch \u00fadaj\u016f v souladu s nejnov\u011bj\u0161\u00edmi <a href=\"https:\/\/www.asigestbroker.com\/en\/privacy\/\" target=\"_blank\" style=\"font-size:0.9em;color:#5b779d70;\" >Z\u00e1sadami ochrany osobn\u00edch \u00fadaj\u016f<\/a><\/span><\/label><\/span><\/span><\/span>\n\t<\/p>\n<\/div>\n<div class=\"form-button-container\">\n\t<p><input class=\"wpcf7-form-control wpcf7-submit has-spinner\" type=\"submit\" value=\"Poslat\" \/>\n\t<\/p>\n<\/div><div class=\"wpcf7-response-output\" aria-hidden=\"true\"><\/div>\n<\/form>\n<\/div>\n\n\t<\/div>\n<\/div><\/div><\/div><\/div><div id=\"pgc-3928-2-1\"  class=\"panel-grid-cell panel-grid-cell-empty\" ><\/div><\/div><\/div><\/div>","protected":false},"excerpt":{"rendered":"<p>RISK MANAGEMENT Identifikovat, pojmenovat, zhodnotit faktory budouc\u00ed nejistoty. Zhodnotit citlivost st\u00e1vaj\u00edc\u00edch opat\u0159en\u00ed na tyto faktory. Odhadnout mo\u017en\u00e9 d\u016fsledky ztr\u00e1ty hodnot \u010di o\u010dek\u00e1van\u00fdch v\u00fdsledk\u016f. Identifikovat zp\u016fsoby a prost\u0159edky k omezen\u00ed t\u011bchto negativn\u00edch d\u016fsledk\u016f. Definovat priority, na kter\u00e9 je pot\u0159eba se soust\u0159edit s ohledem na faktory a elementy budouc\u00ed nejistoty tak, aby byly v souladu se zvolen\u00fdm&hellip;<\/p>\n","protected":false},"author":10,"featured_media":0,"parent":3923,"menu_order":20,"comment_status":"closed","ping_status":"closed","template":"","meta":{"footnotes":""},"class_list":["post-3928","page","type-page","status-publish","hentry","post"],"_links":{"self":[{"href":"https:\/\/asigestbroker.cz\/cs\/wp-json\/wp\/v2\/pages\/3928","targetHints":{"allow":["GET"]}}],"collection":[{"href":"https:\/\/asigestbroker.cz\/cs\/wp-json\/wp\/v2\/pages"}],"about":[{"href":"https:\/\/asigestbroker.cz\/cs\/wp-json\/wp\/v2\/types\/page"}],"author":[{"embeddable":true,"href":"https:\/\/asigestbroker.cz\/cs\/wp-json\/wp\/v2\/users\/10"}],"replies":[{"embeddable":true,"href":"https:\/\/asigestbroker.cz\/cs\/wp-json\/wp\/v2\/comments?post=3928"}],"version-history":[{"count":2,"href":"https:\/\/asigestbroker.cz\/cs\/wp-json\/wp\/v2\/pages\/3928\/revisions"}],"predecessor-version":[{"id":3961,"href":"https:\/\/asigestbroker.cz\/cs\/wp-json\/wp\/v2\/pages\/3928\/revisions\/3961"}],"up":[{"embeddable":true,"href":"https:\/\/asigestbroker.cz\/cs\/wp-json\/wp\/v2\/pages\/3923"}],"wp:attachment":[{"href":"https:\/\/asigestbroker.cz\/cs\/wp-json\/wp\/v2\/media?parent=3928"}],"curies":[{"name":"wp","href":"https:\/\/api.w.org\/{rel}","templated":true}]}}