{"id":3927,"date":"2021-11-09T10:43:10","date_gmt":"2021-11-09T09:43:10","guid":{"rendered":"https:\/\/asigestbroker.cz\/services\/special-projects\/"},"modified":"2023-11-15T17:29:19","modified_gmt":"2023-11-15T16:29:19","slug":"specialni-projekty","status":"publish","type":"page","link":"https:\/\/asigestbroker.cz\/cs\/sluzby\/specialni-projekty\/","title":{"rendered":"Speci\u00e1ln\u00ed Projekty"},"content":{"rendered":"<div id=\"pl-3927\"  class=\"panel-layout\" ><div id=\"pg-3927-0\"  class=\"panel-grid panel-no-style\" ><div id=\"pgc-3927-0-0\"  class=\"panel-grid-cell\" ><div id=\"panel-3927-0-0-0\" class=\"widget_text so-panel widget widget_custom_html panel-first-child panel-last-child\" data-index=\"0\" ><div class=\"textwidget custom-html-widget\"><h1 class=\"division-title\">\n\tSPECI\u00c1LN\u00cd PROJEKTY\n<\/h1>\n<img loading=\"lazy\" decoding=\"async\" class=\"size-large wp-image-1496 aligncenter\" src=\"https:\/\/www.asigestbroker.cz\/wp-content\/uploads\/rc-professionale-1024x584.jpg\" alt=\"\" width=\"1024\" height=\"584\" srcset=\"https:\/\/asigestbroker.cz\/wp-content\/uploads\/rc-professionale-1024x584.jpg 1024w, https:\/\/asigestbroker.cz\/wp-content\/uploads\/rc-professionale-300x171.jpg 300w, https:\/\/asigestbroker.cz\/wp-content\/uploads\/rc-professionale-768x438.jpg 768w, https:\/\/asigestbroker.cz\/wp-content\/uploads\/rc-professionale.jpg 1217w\" sizes=\"auto, (max-width: 1024px) 100vw, 1024px\" \/><\/div><\/div><\/div><\/div><div id=\"pg-3927-1\"  class=\"panel-grid panel-no-style\" ><div id=\"pgc-3927-1-0\"  class=\"panel-grid-cell\" ><div id=\"panel-3927-1-0-0\" class=\"widget_text so-panel widget widget_custom_html panel-first-child panel-last-child\" data-index=\"1\" ><div class=\"textwidget custom-html-widget\"><div class=\"division-wrapper\">\n\t<p class=\"division-text\">\n\t\tNa\u0161e zku\u0161enosti a znalosti a v p\u0159\u00edpad\u011b pot\u0159eby i spolupr\u00e1ce se specialisty n\u00e1m umo\u017e\u0148uj\u00ed:\n\t<\/p>\n\t<ul class=\"division-text\">\n\t\t<li>Optimalizovat zdroje prost\u0159ednictv\u00edm dal\u0161\u00edho profesn\u00edho r\u016fstu.<\/li>\n\t\t<li>\u00da\u010dinn\u011b propojit s\u00edlu tradice oboru s dal\u0161\u00edmi inovacemi. <\/li>\n\t\t<li>Rozpoznat a zohlednit pojistn\u00e9 pot\u0159eby v pr\u016fmyslov\u00e9m, obchodn\u00edm \u010di finan\u010dn\u00edm sektoru ve speci\u00e1ln\u00edch pojistn\u00fdch programech.<\/li>\n\t\t<li>Poskytnout jedine\u010dn\u00fd a individu\u00e1ln\u00ed servis klient\u016fm. <\/li>\n\t<\/ul>\n\t<p class=\"division-text\">\n\t\tNa z\u00e1klad\u011b anal\u00fdzy situace a pot\u0159eb klienta jsme schopni vypracovat a zrealizovat ve spolupr\u00e1ci s poji\u0161\u0165ovnami \u010di jin\u00fdmi finan\u010dn\u00edmi institucemi: \n\t<\/p>\n\t<ul class=\"division-text\">\n\t\t<li>Poji\u0161t\u011bn\u00ed z\u00e1ruk a pohled\u00e1vek.<\/li>\n\t\t<li>Projekt financing.<\/li>\n\t\t<li>Risk management klinick\u00fdch rizik.<\/li>\n\t\t<li>R\u00e1mcov\u00e9 \u010di mezin\u00e1rodn\u00ed pojistn\u00e9 programy zpracov\u00e1van\u00e9 na m\u00edru klientovi zohled\u0148uj\u00edc\u00ed jeho finan\u010dn\u00ed, rizikovou situaci a vlastnickou strukturu.<\/li>\n\t<\/ul>\n<\/div>\n<div class=\"padder-wrapper\">\n<\/div>\n<\/div><\/div><\/div><\/div><div id=\"pg-3927-2\"  class=\"panel-grid panel-has-style\" ><div class=\"contact-section siteorigin-panels-stretch panel-row-style panel-row-style-for-3927-2\" data-stretch-type=\"full\" ><div id=\"pgc-3927-2-0\"  class=\"panel-grid-cell panel-grid-cell-mobile-last\" ><div id=\"panel-3927-2-0-0\" class=\"widget_text so-panel widget widget_custom_html panel-first-child panel-last-child\" data-index=\"2\" ><div class=\"textwidget custom-html-widget\"><div class=\"sezione-prenotazione-text centrato\">\n\t<h3>\n\t\tKONTAKTUJTE N\u00c1S\n\t<\/h3>\n\t<p>\n\t\tPro v\u00edce informac\u00ed o slu\u017eb\u00e1ch, kter\u00e9 nab\u00edz\u00edme, n\u00e1s pros\u00edm kontaktujte pomoc\u00ed formul\u00e1\u0159e n\u00ed\u017ee. R\u00e1di odpov\u00edme na ka\u017edou \u017e\u00e1dost o dal\u0161\u00ed informace.\n\t<\/p>\n\t<div class=\"form-container\">\n\t\t\n<div class=\"wpcf7 no-js\" id=\"wpcf7-f3946-o1\" lang=\"en-US\" dir=\"ltr\" data-wpcf7-id=\"3946\">\n<div class=\"screen-reader-response\"><p role=\"status\" aria-live=\"polite\" aria-atomic=\"true\"><\/p> <ul><\/ul><\/div>\n<form action=\"\/cs\/wp-json\/wp\/v2\/pages\/3927#wpcf7-f3946-o1\" method=\"post\" class=\"wpcf7-form init\" aria-label=\"Contact form\" novalidate=\"novalidate\" data-status=\"init\">\n<fieldset class=\"hidden-fields-container\"><input type=\"hidden\" name=\"_wpcf7\" value=\"3946\" \/><input type=\"hidden\" name=\"_wpcf7_version\" value=\"6.1.5\" \/><input type=\"hidden\" name=\"_wpcf7_locale\" value=\"en_US\" \/><input type=\"hidden\" name=\"_wpcf7_unit_tag\" value=\"wpcf7-f3946-o1\" \/><input type=\"hidden\" name=\"_wpcf7_container_post\" value=\"0\" \/><input type=\"hidden\" name=\"_wpcf7_posted_data_hash\" value=\"\" \/>\n<\/fieldset>\n<div class=\"wpcf7-turnstile cf-turnstile\" data-sitekey=\"0x4AAAAAABs1d-jl9c7nQQX9\" data-response-field-name=\"_wpcf7_turnstile_response\"><\/div>\n\n<p><span class=\"wpcf7-form-control-wrap\" data-name=\"your-name\"><input size=\"40\" maxlength=\"400\" class=\"wpcf7-form-control wpcf7-text wpcf7-validates-as-required\" aria-required=\"true\" aria-invalid=\"false\" placeholder=\"N\u00e1zev*\" value=\"\" type=\"text\" name=\"your-name\" \/><\/span>\n<\/p>\n<p><span class=\"wpcf7-form-control-wrap\" data-name=\"your-email\"><input size=\"40\" maxlength=\"400\" class=\"wpcf7-form-control wpcf7-email wpcf7-validates-as-required wpcf7-text wpcf7-validates-as-email\" aria-required=\"true\" aria-invalid=\"false\" placeholder=\"E-mailem*\" value=\"\" type=\"email\" name=\"your-email\" \/><\/span>\n<\/p>\n<p><span class=\"wpcf7-form-control-wrap\" data-name=\"your-phone\"><input size=\"40\" maxlength=\"400\" class=\"wpcf7-form-control wpcf7-text\" aria-invalid=\"false\" placeholder=\"Telefon\" value=\"\" type=\"text\" name=\"your-phone\" \/><\/span>\n<\/p>\n<p><span class=\"wpcf7-form-control-wrap\" data-name=\"your-message\"><textarea cols=\"40\" rows=\"4\" maxlength=\"2000\" class=\"wpcf7-form-control wpcf7-textarea wpcf7-validates-as-required\" aria-required=\"true\" aria-invalid=\"false\" placeholder=\"Zpr\u00e1va*\" name=\"your-message\"><\/textarea><\/span>\n<\/p>\n<div style=\"font-size:0.9em !important;margin-bottom: 10px;color:#5b779d;\" >\n\t<p><span class=\"wpcf7-form-control-wrap\" data-name=\"acceptance-privacy\"><span class=\"wpcf7-form-control wpcf7-acceptance\"><span class=\"wpcf7-list-item\"><label><input type=\"checkbox\" name=\"acceptance-privacy\" value=\"1\" aria-invalid=\"false\" \/><span class=\"wpcf7-list-item-label\">Souhlas\u00edm se zpracov\u00e1n\u00edm m\u00fdch osobn\u00edch \u00fadaj\u016f v souladu s nejnov\u011bj\u0161\u00edmi <a href=\"https:\/\/www.asigestbroker.com\/en\/privacy\/\" target=\"_blank\" style=\"font-size:0.9em;color:#5b779d70;\" >Z\u00e1sadami ochrany osobn\u00edch \u00fadaj\u016f<\/a><\/span><\/label><\/span><\/span><\/span>\n\t<\/p>\n<\/div>\n<div class=\"form-button-container\">\n\t<p><input class=\"wpcf7-form-control wpcf7-submit has-spinner\" type=\"submit\" value=\"Poslat\" \/>\n\t<\/p>\n<\/div><div class=\"wpcf7-response-output\" aria-hidden=\"true\"><\/div>\n<\/form>\n<\/div>\n\n\t<\/div>\n<\/div><\/div><\/div><\/div><div id=\"pgc-3927-2-1\"  class=\"panel-grid-cell panel-grid-cell-empty\" ><\/div><\/div><\/div><\/div>","protected":false},"excerpt":{"rendered":"<p>SPECI\u00c1LN\u00cd PROJEKTY Na\u0161e zku\u0161enosti a znalosti a v p\u0159\u00edpad\u011b pot\u0159eby i spolupr\u00e1ce se specialisty n\u00e1m umo\u017e\u0148uj\u00ed: Optimalizovat zdroje prost\u0159ednictv\u00edm dal\u0161\u00edho profesn\u00edho r\u016fstu. \u00da\u010dinn\u011b propojit s\u00edlu tradice oboru s dal\u0161\u00edmi inovacemi. Rozpoznat a zohlednit pojistn\u00e9 pot\u0159eby v pr\u016fmyslov\u00e9m, obchodn\u00edm \u010di finan\u010dn\u00edm sektoru ve speci\u00e1ln\u00edch pojistn\u00fdch programech. Poskytnout jedine\u010dn\u00fd a individu\u00e1ln\u00ed servis klient\u016fm. Na z\u00e1klad\u011b anal\u00fdzy situace&hellip;<\/p>\n","protected":false},"author":10,"featured_media":0,"parent":3923,"menu_order":30,"comment_status":"closed","ping_status":"closed","template":"","meta":{"footnotes":""},"class_list":["post-3927","page","type-page","status-publish","hentry","post"],"_links":{"self":[{"href":"https:\/\/asigestbroker.cz\/cs\/wp-json\/wp\/v2\/pages\/3927","targetHints":{"allow":["GET"]}}],"collection":[{"href":"https:\/\/asigestbroker.cz\/cs\/wp-json\/wp\/v2\/pages"}],"about":[{"href":"https:\/\/asigestbroker.cz\/cs\/wp-json\/wp\/v2\/types\/page"}],"author":[{"embeddable":true,"href":"https:\/\/asigestbroker.cz\/cs\/wp-json\/wp\/v2\/users\/10"}],"replies":[{"embeddable":true,"href":"https:\/\/asigestbroker.cz\/cs\/wp-json\/wp\/v2\/comments?post=3927"}],"version-history":[{"count":3,"href":"https:\/\/asigestbroker.cz\/cs\/wp-json\/wp\/v2\/pages\/3927\/revisions"}],"predecessor-version":[{"id":3962,"href":"https:\/\/asigestbroker.cz\/cs\/wp-json\/wp\/v2\/pages\/3927\/revisions\/3962"}],"up":[{"embeddable":true,"href":"https:\/\/asigestbroker.cz\/cs\/wp-json\/wp\/v2\/pages\/3923"}],"wp:attachment":[{"href":"https:\/\/asigestbroker.cz\/cs\/wp-json\/wp\/v2\/media?parent=3927"}],"curies":[{"name":"wp","href":"https:\/\/api.w.org\/{rel}","templated":true}]}}