{"id":3925,"date":"2021-10-15T14:56:11","date_gmt":"2021-10-15T12:56:11","guid":{"rendered":"https:\/\/asigestbroker.cz\/services\/comprehensive-insurance-services\/"},"modified":"2023-11-15T17:20:36","modified_gmt":"2023-11-15T16:20:36","slug":"komplexni-sluzby-v-pojisteni","status":"publish","type":"page","link":"https:\/\/asigestbroker.cz\/cs\/sluzby\/komplexni-sluzby-v-pojisteni\/","title":{"rendered":"Komplexn\u00ed Slu\u017eby v Poji\u0161t\u011bn\u00ed"},"content":{"rendered":"<div id=\"pl-3925\"  class=\"panel-layout\" ><div id=\"pg-3925-0\"  class=\"panel-grid panel-no-style\" ><div id=\"pgc-3925-0-0\"  class=\"panel-grid-cell\" ><div id=\"panel-3925-0-0-0\" class=\"widget_text so-panel widget widget_custom_html panel-first-child panel-last-child\" data-index=\"0\" ><div class=\"textwidget custom-html-widget\"><h1 class=\"division-title\">\n\tKOMPLEXN\u00cd SLU\u017dBY V POJI\u0160T\u011aN\u00cd\n<\/h1>\n<img loading=\"lazy\" decoding=\"async\" class=\"alignnone size-large wp-image-1541 aligncenter\" src=\"https:\/\/asigestbroker.cz\/wp-content\/uploads\/single-risk.jpg\" alt=\"\" width=\"1024\" height=\"584\" \/><\/div><\/div><\/div><\/div><div id=\"pg-3925-1\"  class=\"panel-grid panel-no-style\" ><div id=\"pgc-3925-1-0\"  class=\"panel-grid-cell\" ><div id=\"panel-3925-1-0-0\" class=\"widget_text so-panel widget widget_custom_html panel-first-child panel-last-child\" data-index=\"1\" ><div class=\"textwidget custom-html-widget\"><div class=\"division-subtitle-box\">\n\t<h3 class=\"division-subtitle\">\n\t\tANAL\u00ddZA A ZHODNOCEN\u00cd RIZIK\n\t<\/h3>\n<\/div>\n<div class=\"division-wrapper\">\n\t<p class=\"division-text\">\n\t\tVe spolupr\u00e1ci s klientem dojde k identifikaci a zhodnocen\u00ed jednotliv\u00fdch rizik a na z\u00e1klad\u011b t\u00e9to anal\u00fdzy je zpracov\u00e1v\u00e1n n\u00e1vrh mo\u017en\u00fdch \u0159e\u0161en\u00ed jak z technick\u00e9ho, tak i pojistn\u00e9ho hlediska.  \n\t<\/p>\n<\/div>\n<div class=\"padder-wrapper\">\n<\/div>\n<\/div><\/div><\/div><\/div><div id=\"pg-3925-2\"  class=\"panel-grid panel-no-style\" ><div id=\"pgc-3925-2-0\"  class=\"panel-grid-cell\" ><div id=\"panel-3925-2-0-0\" class=\"widget_text so-panel widget widget_custom_html panel-first-child panel-last-child\" data-index=\"2\" ><div class=\"textwidget custom-html-widget\"><div class=\"division-subtitle-box\">\n\t<h3 class=\"division-subtitle\">\n\t\tTECHNICKO \u2013 EKONOMICK\u00c1 ANAL\u00ddZA ST\u00c1VAJ\u00cdC\u00cdCH POJISTN\u00ddCH SMLUV\n\t<\/h3>\n<\/div>\n<div class=\"division-wrapper\">\n\t<p class=\"division-text\">\n\t\tNa z\u00e1klad\u011b anal\u00fdzy rizik a st\u00e1vaj\u00edc\u00edch pojistn\u00fdch kryt\u00ed se zpracov\u00e1v\u00e1 n\u00e1vrh na \u00fapravu nebo kompletn\u011b nov\u00e9 poji\u0161t\u011bn\u00ed a\u0165 u\u017e k n\u00e1hrad\u011b st\u00e1vaj\u00edc\u00edho, tak k dopln\u011bn\u00ed a roz\u0161\u00ed\u0159en\u00ed o pot\u0159ebn\u00e1 kryt\u00ed. Tato pojistn\u00e1 \u0159e\u0161en\u00ed mohou b\u00fdt spojena i s n\u00e1vrhem technick\u00fdch \u0159e\u0161en\u00ed\/opat\u0159en\u00ed, sm\u011b\u0159uj\u00edc\u00edch k odstran\u011bn\u00ed \u010di redukci zji\u0161t\u011bn\u00fdch rizik. \n\t<\/p>\n<\/div>\n<div class=\"padder-wrapper\">\n<\/div>\n<\/div><\/div><\/div><\/div><div id=\"pg-3925-3\"  class=\"panel-grid panel-no-style\" ><div id=\"pgc-3925-3-0\"  class=\"panel-grid-cell\" ><div id=\"panel-3925-3-0-0\" class=\"widget_text so-panel widget widget_custom_html panel-first-child panel-last-child\" data-index=\"3\" ><div class=\"textwidget custom-html-widget\"><div class=\"division-subtitle-box\">\n\t<h3 class=\"division-subtitle\">\n\t\tUM\u00cdST\u011aN\u00cd RIZIKA A SPR\u00c1VA POJISTN\u00ddCH SMLUV\n\t<\/h3>\n<\/div>\n<div class=\"division-wrapper\">\n\t<p class=\"division-text\">\n\t\tV\u00fdb\u011br vhodn\u00e9 poji\u0161\u0165ovny na z\u00e1klad\u011b zpracovan\u00fdch nab\u00eddek a jejich zhodnocen\u00ed, zprost\u0159edkov\u00e1n\u00ed vystaven\u00ed pojistn\u00fdch smluv a technicko \u2013 administrativn\u00ed spr\u00e1va vystaven\u00fdch pojistek po celou dobu jejich platnosti.  \n\t<\/p>\n<\/div>\n<div class=\"padder-wrapper\">\n<\/div>\n<\/div><\/div><\/div><\/div><div id=\"pg-3925-4\"  class=\"panel-grid panel-no-style\" ><div id=\"pgc-3925-4-0\"  class=\"panel-grid-cell\" ><div id=\"panel-3925-4-0-0\" class=\"widget_text so-panel widget widget_custom_html panel-first-child panel-last-child\" data-index=\"4\" ><div class=\"textwidget custom-html-widget\"><div class=\"division-subtitle-box\">\n\t<h3 class=\"division-subtitle\">\n\t\tSPOLUPR\u00c1CE P\u0158I LIKVIDACI \u0160KOD \n\t<\/h3>\n<\/div>\n<div class=\"division-wrapper\">\n\t<p class=\"division-text\">\n\t\tKompletn\u00ed servis po\u010d\u00ednaj\u00edc\u00ed nahl\u00e1\u0161en\u00edm \u0161kodn\u00e9 ud\u00e1losti, \u00fa\u010dast na prohl\u00eddk\u00e1ch, jedn\u00e1n\u00ed s pojistitelem a\u017e po kone\u010dnou likvidaci a vyplacen\u00ed pojistn\u00e9ho pln\u011bn\u00ed.\n\t<\/p>\n<\/div>\n<div class=\"padder-wrapper\">\n<\/div>\n<\/div><\/div><\/div><\/div><div id=\"pg-3925-5\"  class=\"panel-grid panel-has-style\" ><div class=\"contact-section siteorigin-panels-stretch panel-row-style panel-row-style-for-3925-5\" data-stretch-type=\"full\" ><div id=\"pgc-3925-5-0\"  class=\"panel-grid-cell panel-grid-cell-mobile-last\" ><div id=\"panel-3925-5-0-0\" class=\"widget_text so-panel widget widget_custom_html panel-first-child panel-last-child\" data-index=\"5\" ><div class=\"textwidget custom-html-widget\"><div class=\"sezione-prenotazione-text centrato\">\n\t<h3>\n\t\tKONTAKTUJTE N\u00c1S\n\t<\/h3>\n\t<p>\n\t\tPro v\u00edce informac\u00ed o slu\u017eb\u00e1ch, kter\u00e9 nab\u00edz\u00edme, n\u00e1s pros\u00edm kontaktujte pomoc\u00ed formul\u00e1\u0159e n\u00ed\u017ee. R\u00e1di odpov\u00edme na ka\u017edou \u017e\u00e1dost o dal\u0161\u00ed informace.\n\t<\/p>\n\t<div class=\"form-container\">\n\t\t\n<div class=\"wpcf7 no-js\" id=\"wpcf7-f3946-o1\" lang=\"en-US\" dir=\"ltr\" data-wpcf7-id=\"3946\">\n<div class=\"screen-reader-response\"><p role=\"status\" aria-live=\"polite\" aria-atomic=\"true\"><\/p> <ul><\/ul><\/div>\n<form action=\"\/cs\/wp-json\/wp\/v2\/pages\/3925#wpcf7-f3946-o1\" method=\"post\" class=\"wpcf7-form init\" aria-label=\"Contact form\" novalidate=\"novalidate\" data-status=\"init\">\n<fieldset class=\"hidden-fields-container\"><input type=\"hidden\" name=\"_wpcf7\" value=\"3946\" \/><input type=\"hidden\" name=\"_wpcf7_version\" value=\"6.1.5\" \/><input type=\"hidden\" name=\"_wpcf7_locale\" value=\"en_US\" \/><input type=\"hidden\" name=\"_wpcf7_unit_tag\" value=\"wpcf7-f3946-o1\" \/><input type=\"hidden\" name=\"_wpcf7_container_post\" value=\"0\" \/><input type=\"hidden\" name=\"_wpcf7_posted_data_hash\" value=\"\" \/>\n<\/fieldset>\n<div class=\"wpcf7-turnstile cf-turnstile\" data-sitekey=\"0x4AAAAAABs1d-jl9c7nQQX9\" data-response-field-name=\"_wpcf7_turnstile_response\"><\/div>\n\n<p><span class=\"wpcf7-form-control-wrap\" data-name=\"your-name\"><input size=\"40\" maxlength=\"400\" class=\"wpcf7-form-control wpcf7-text wpcf7-validates-as-required\" aria-required=\"true\" aria-invalid=\"false\" placeholder=\"N\u00e1zev*\" value=\"\" type=\"text\" name=\"your-name\" \/><\/span>\n<\/p>\n<p><span class=\"wpcf7-form-control-wrap\" data-name=\"your-email\"><input size=\"40\" maxlength=\"400\" class=\"wpcf7-form-control wpcf7-email wpcf7-validates-as-required wpcf7-text wpcf7-validates-as-email\" aria-required=\"true\" aria-invalid=\"false\" placeholder=\"E-mailem*\" value=\"\" type=\"email\" name=\"your-email\" \/><\/span>\n<\/p>\n<p><span class=\"wpcf7-form-control-wrap\" data-name=\"your-phone\"><input size=\"40\" maxlength=\"400\" class=\"wpcf7-form-control wpcf7-text\" aria-invalid=\"false\" placeholder=\"Telefon\" value=\"\" type=\"text\" name=\"your-phone\" \/><\/span>\n<\/p>\n<p><span class=\"wpcf7-form-control-wrap\" data-name=\"your-message\"><textarea cols=\"40\" rows=\"4\" maxlength=\"2000\" class=\"wpcf7-form-control wpcf7-textarea wpcf7-validates-as-required\" aria-required=\"true\" aria-invalid=\"false\" placeholder=\"Zpr\u00e1va*\" name=\"your-message\"><\/textarea><\/span>\n<\/p>\n<div style=\"font-size:0.9em !important;margin-bottom: 10px;color:#5b779d;\" >\n\t<p><span class=\"wpcf7-form-control-wrap\" data-name=\"acceptance-privacy\"><span class=\"wpcf7-form-control wpcf7-acceptance\"><span class=\"wpcf7-list-item\"><label><input type=\"checkbox\" name=\"acceptance-privacy\" value=\"1\" aria-invalid=\"false\" \/><span class=\"wpcf7-list-item-label\">Souhlas\u00edm se zpracov\u00e1n\u00edm m\u00fdch osobn\u00edch \u00fadaj\u016f v souladu s nejnov\u011bj\u0161\u00edmi <a href=\"https:\/\/www.asigestbroker.com\/en\/privacy\/\" target=\"_blank\" style=\"font-size:0.9em;color:#5b779d70;\" >Z\u00e1sadami ochrany osobn\u00edch \u00fadaj\u016f<\/a><\/span><\/label><\/span><\/span><\/span>\n\t<\/p>\n<\/div>\n<div class=\"form-button-container\">\n\t<p><input class=\"wpcf7-form-control wpcf7-submit has-spinner\" type=\"submit\" value=\"Poslat\" \/>\n\t<\/p>\n<\/div><div class=\"wpcf7-response-output\" aria-hidden=\"true\"><\/div>\n<\/form>\n<\/div>\n\n\t<\/div>\n<\/div><\/div><\/div><\/div><div id=\"pgc-3925-5-1\"  class=\"panel-grid-cell panel-grid-cell-empty\" ><\/div><\/div><\/div><\/div>","protected":false},"excerpt":{"rendered":"<p>KOMPLEXN\u00cd SLU\u017dBY V POJI\u0160T\u011aN\u00cd ANAL\u00ddZA A ZHODNOCEN\u00cd RIZIK Ve spolupr\u00e1ci s klientem dojde k identifikaci a zhodnocen\u00ed jednotliv\u00fdch rizik a na z\u00e1klad\u011b t\u00e9to anal\u00fdzy je zpracov\u00e1v\u00e1n n\u00e1vrh mo\u017en\u00fdch \u0159e\u0161en\u00ed jak z technick\u00e9ho, tak i pojistn\u00e9ho hlediska. TECHNICKO \u2013 EKONOMICK\u00c1 ANAL\u00ddZA ST\u00c1VAJ\u00cdC\u00cdCH POJISTN\u00ddCH SMLUV Na z\u00e1klad\u011b anal\u00fdzy rizik a st\u00e1vaj\u00edc\u00edch pojistn\u00fdch kryt\u00ed se zpracov\u00e1v\u00e1 n\u00e1vrh na&hellip;<\/p>\n","protected":false},"author":10,"featured_media":0,"parent":3923,"menu_order":10,"comment_status":"closed","ping_status":"closed","template":"","meta":{"footnotes":""},"class_list":["post-3925","page","type-page","status-publish","hentry","post"],"_links":{"self":[{"href":"https:\/\/asigestbroker.cz\/cs\/wp-json\/wp\/v2\/pages\/3925","targetHints":{"allow":["GET"]}}],"collection":[{"href":"https:\/\/asigestbroker.cz\/cs\/wp-json\/wp\/v2\/pages"}],"about":[{"href":"https:\/\/asigestbroker.cz\/cs\/wp-json\/wp\/v2\/types\/page"}],"author":[{"embeddable":true,"href":"https:\/\/asigestbroker.cz\/cs\/wp-json\/wp\/v2\/users\/10"}],"replies":[{"embeddable":true,"href":"https:\/\/asigestbroker.cz\/cs\/wp-json\/wp\/v2\/comments?post=3925"}],"version-history":[{"count":4,"href":"https:\/\/asigestbroker.cz\/cs\/wp-json\/wp\/v2\/pages\/3925\/revisions"}],"predecessor-version":[{"id":3960,"href":"https:\/\/asigestbroker.cz\/cs\/wp-json\/wp\/v2\/pages\/3925\/revisions\/3960"}],"up":[{"embeddable":true,"href":"https:\/\/asigestbroker.cz\/cs\/wp-json\/wp\/v2\/pages\/3923"}],"wp:attachment":[{"href":"https:\/\/asigestbroker.cz\/cs\/wp-json\/wp\/v2\/media?parent=3925"}],"curies":[{"name":"wp","href":"https:\/\/api.w.org\/{rel}","templated":true}]}}