{"id":3923,"date":"2015-07-16T13:03:06","date_gmt":"2015-07-16T11:03:06","guid":{"rendered":"https:\/\/asigestbroker.cz\/services\/"},"modified":"2023-12-13T15:23:50","modified_gmt":"2023-12-13T14:23:50","slug":"sluzby","status":"publish","type":"page","link":"https:\/\/asigestbroker.cz\/cs\/sluzby\/","title":{"rendered":"Slu\u017eby"},"content":{"rendered":"<div id=\"pl-3923\"  class=\"panel-layout\" ><div id=\"pg-3923-0\"  class=\"panel-grid panel-no-style\" ><div id=\"pgc-3923-0-0\"  class=\"panel-grid-cell\" ><div id=\"panel-3923-0-0-0\" class=\"widget_text so-panel widget widget_custom_html panel-first-child panel-last-child\" data-index=\"0\" ><div class=\"textwidget custom-html-widget\"><h1 class=\"division-title\">\n\tSLU\u017dBY\n<\/h1>\n<img loading=\"lazy\" decoding=\"async\" class=\"aligncenter size-large\" src=\"https:\/\/www.asigestbroker.cz\/wp-content\/uploads\/risk-management.jpg\" alt=\"\" width=\"1024\" height=\"584\" \/><\/div><\/div><\/div><\/div><div id=\"pg-3923-1\"  class=\"panel-grid panel-no-style\" ><div id=\"pgc-3923-1-0\"  class=\"panel-grid-cell\" ><div id=\"panel-3923-1-0-0\" class=\"widget_text so-panel widget widget_custom_html panel-first-child panel-last-child\" data-index=\"1\" ><div class=\"textwidget custom-html-widget\"><div class=\"division-subtitle-box\">\n\t<h3 class=\"division-subtitle\">\n\t\tKomplexn\u00ed slu\u017eby v poji\u0161t\u011bn\u00ed\n\t<\/h3>\n<\/div>\n<div class=\"division-wrapper\">\n\t<ul class=\"division-text\">\n\t\t<li>Anal\u00fdza a zhodnocen\u00ed rizik.<\/li>\n\t\t<li>Technicko \u2013 ekonomick\u00e1 anal\u00fdza st\u00e1vaj\u00edc\u00edch pojistn\u00fdch smluv.<\/li>\n\t\t<li>Um\u00edst\u011bn\u00ed rizika a spr\u00e1va pojistn\u00fdch smluv.<\/li>\n\t\t<li>Spolupr\u00e1ce p\u0159i likvidaci \u0161kod.<\/li>\n\t<\/ul>\n<\/div>\n<div class=\"hp-button-wrapper-dx\">\n\t<a class=\"claim-button\" href=\"https:\/\/asigestbroker.cz\/cs\/sluzby\/komplexni-sluzby-v-pojisteni\/\">ZJISTIT V\u00cdCE<\/a>\n<\/div>\n<div class=\"padder-wrapper\">\n<\/div><\/div><\/div><\/div><\/div><div id=\"pg-3923-2\"  class=\"panel-grid panel-no-style\" ><div id=\"pgc-3923-2-0\"  class=\"panel-grid-cell\" ><div id=\"panel-3923-2-0-0\" class=\"widget_text so-panel widget widget_custom_html panel-first-child panel-last-child\" data-index=\"2\" ><div class=\"textwidget custom-html-widget\"><div class=\"division-subtitle-box\">\n\t<h3 class=\"division-subtitle\">\n\t\tRisk Management\n\t<\/h3>\n<\/div>\n<div class=\"division-wrapper\">\n\t<ul class=\"division-text\">\n\t\t<li>Identifikovat, pojmenovat, zhodnotit faktory budouc\u00ed nejistoty. <\/li>\n\t\t<li>Zhodnotit citlivost st\u00e1vaj\u00edc\u00edch opat\u0159en\u00ed na tyto faktory.<\/li>\n\t\t<li>Odhadnout mo\u017en\u00e9 d\u016fsledky ztr\u00e1ty hodnot \u010di o\u010dek\u00e1van\u00fdch v\u00fdsledk\u016f.<\/li>\n\t\t<li>Identifikovat zp\u016fsoby a prost\u0159edky k omezen\u00ed t\u011bchto negativn\u00edch d\u016fsledk\u016f.<\/li>\n\t\t<li>Identifikovat zp\u016fsoby a prost\u0159edky k omezen\u00ed t\u011bchto negativn\u00edch d\u016fsledk\u016f.<\/li>\n\t<\/ul>\n<\/div>\n<div class=\"hp-button-wrapper-dx\">\n\t<a class=\"claim-button\" href=\"https:\/\/asigestbroker.cz\/cs\/sluzby\/risk-management\/\">ZJISTIT V\u00cdCE<\/a>\n<\/div>\n<div class=\"padder-wrapper\">\n<\/div><\/div><\/div><\/div><\/div><div id=\"pg-3923-3\"  class=\"panel-grid panel-no-style\" ><div id=\"pgc-3923-3-0\"  class=\"panel-grid-cell\" ><div id=\"panel-3923-3-0-0\" class=\"widget_text so-panel widget widget_custom_html panel-first-child panel-last-child\" data-index=\"3\" ><div class=\"textwidget custom-html-widget\"><div class=\"division-subtitle-box\">\n\t<h3 class=\"division-subtitle\">\n\t\tSpeci\u00e1ln\u00ed projekty \n\t<\/h3>\n<\/div>\n<div class=\"division-wrapper\">\n\t<ul class=\"division-text\">\n\t\t<li>Optimalizovat zdroje prost\u0159ednictv\u00edm dal\u0161\u00edho profesn\u00edho r\u016fstu.<\/li>\n\t\t<li>\u00da\u010dinn\u011b propojit s\u00edlu tradice oboru s dal\u0161\u00edmi inovacemi. <\/li>\n\t\t<li>Rozpoznat a zohlednit pojistn\u00e9 pot\u0159eby v pr\u016fmyslov\u00e9m, obchodn\u00edm \u010di finan\u010dn\u00edm sektoru ve speci\u00e1ln\u00edch pojistn\u00fdch programech.<\/li>\n\t\t<li>Poskytnout jedine\u010dn\u00fd a individu\u00e1ln\u00ed servis klient\u016fm. <\/li>\n\t<\/ul>\n<\/div>\n<div class=\"hp-button-wrapper-dx\">\n\t<a class=\"claim-button\" href=\"https:\/\/asigestbroker.cz\/cs\/sluzby\/specialni-projekty\/\">ZJISTIT V\u00cdCE<\/a>\n<\/div>\n<div class=\"padder-wrapper\">\n<\/div><\/div><\/div><\/div><\/div><div id=\"pg-3923-4\"  class=\"panel-grid panel-has-style\" ><div class=\"contact-section siteorigin-panels-stretch panel-row-style panel-row-style-for-3923-4\" data-stretch-type=\"full\" ><div id=\"pgc-3923-4-0\"  class=\"panel-grid-cell panel-grid-cell-mobile-last\" ><div id=\"panel-3923-4-0-0\" class=\"widget_text so-panel widget widget_custom_html panel-first-child panel-last-child\" data-index=\"4\" ><div class=\"textwidget custom-html-widget\"><div class=\"sezione-prenotazione-text centrato\">\n\t<h3>\n\t\tKONTAKTUJTE N\u00c1S\n\t<\/h3>\n\t<p>\n\t\tPro v\u00edce informac\u00ed o slu\u017eb\u00e1ch, kter\u00e9 nab\u00edz\u00edme, n\u00e1s pros\u00edm kontaktujte pomoc\u00ed formul\u00e1\u0159e n\u00ed\u017ee. R\u00e1di odpov\u00edme na ka\u017edou \u017e\u00e1dost o dal\u0161\u00ed informace.\n\t<\/p>\n\t<div class=\"form-container\">\n\t\t\n<div class=\"wpcf7 no-js\" id=\"wpcf7-f3946-o1\" lang=\"en-US\" dir=\"ltr\" data-wpcf7-id=\"3946\">\n<div class=\"screen-reader-response\"><p role=\"status\" aria-live=\"polite\" aria-atomic=\"true\"><\/p> <ul><\/ul><\/div>\n<form action=\"\/cs\/wp-json\/wp\/v2\/pages\/3923#wpcf7-f3946-o1\" method=\"post\" class=\"wpcf7-form init\" aria-label=\"Contact form\" novalidate=\"novalidate\" data-status=\"init\">\n<fieldset class=\"hidden-fields-container\"><input type=\"hidden\" name=\"_wpcf7\" value=\"3946\" \/><input type=\"hidden\" name=\"_wpcf7_version\" value=\"6.1.5\" \/><input type=\"hidden\" name=\"_wpcf7_locale\" value=\"en_US\" \/><input type=\"hidden\" name=\"_wpcf7_unit_tag\" value=\"wpcf7-f3946-o1\" \/><input type=\"hidden\" name=\"_wpcf7_container_post\" value=\"0\" \/><input type=\"hidden\" name=\"_wpcf7_posted_data_hash\" value=\"\" \/>\n<\/fieldset>\n<div class=\"wpcf7-turnstile cf-turnstile\" data-sitekey=\"0x4AAAAAABs1d-jl9c7nQQX9\" data-response-field-name=\"_wpcf7_turnstile_response\"><\/div>\n\n<p><span class=\"wpcf7-form-control-wrap\" data-name=\"your-name\"><input size=\"40\" maxlength=\"400\" class=\"wpcf7-form-control wpcf7-text wpcf7-validates-as-required\" aria-required=\"true\" aria-invalid=\"false\" placeholder=\"N\u00e1zev*\" value=\"\" type=\"text\" name=\"your-name\" \/><\/span>\n<\/p>\n<p><span class=\"wpcf7-form-control-wrap\" data-name=\"your-email\"><input size=\"40\" maxlength=\"400\" class=\"wpcf7-form-control wpcf7-email wpcf7-validates-as-required wpcf7-text wpcf7-validates-as-email\" aria-required=\"true\" aria-invalid=\"false\" placeholder=\"E-mailem*\" value=\"\" type=\"email\" name=\"your-email\" \/><\/span>\n<\/p>\n<p><span class=\"wpcf7-form-control-wrap\" data-name=\"your-phone\"><input size=\"40\" maxlength=\"400\" class=\"wpcf7-form-control wpcf7-text\" aria-invalid=\"false\" placeholder=\"Telefon\" value=\"\" type=\"text\" name=\"your-phone\" \/><\/span>\n<\/p>\n<p><span class=\"wpcf7-form-control-wrap\" data-name=\"your-message\"><textarea cols=\"40\" rows=\"4\" maxlength=\"2000\" class=\"wpcf7-form-control wpcf7-textarea wpcf7-validates-as-required\" aria-required=\"true\" aria-invalid=\"false\" placeholder=\"Zpr\u00e1va*\" name=\"your-message\"><\/textarea><\/span>\n<\/p>\n<div style=\"font-size:0.9em !important;margin-bottom: 10px;color:#5b779d;\" >\n\t<p><span class=\"wpcf7-form-control-wrap\" data-name=\"acceptance-privacy\"><span class=\"wpcf7-form-control wpcf7-acceptance\"><span class=\"wpcf7-list-item\"><label><input type=\"checkbox\" name=\"acceptance-privacy\" value=\"1\" aria-invalid=\"false\" \/><span class=\"wpcf7-list-item-label\">Souhlas\u00edm se zpracov\u00e1n\u00edm m\u00fdch osobn\u00edch \u00fadaj\u016f v souladu s nejnov\u011bj\u0161\u00edmi <a href=\"https:\/\/www.asigestbroker.com\/en\/privacy\/\" target=\"_blank\" style=\"font-size:0.9em;color:#5b779d70;\" >Z\u00e1sadami ochrany osobn\u00edch \u00fadaj\u016f<\/a><\/span><\/label><\/span><\/span><\/span>\n\t<\/p>\n<\/div>\n<div class=\"form-button-container\">\n\t<p><input class=\"wpcf7-form-control wpcf7-submit has-spinner\" type=\"submit\" value=\"Poslat\" \/>\n\t<\/p>\n<\/div><div class=\"wpcf7-response-output\" aria-hidden=\"true\"><\/div>\n<\/form>\n<\/div>\n\n\t<\/div>\n<\/div><\/div><\/div><\/div><div id=\"pgc-3923-4-1\"  class=\"panel-grid-cell panel-grid-cell-empty\" ><\/div><\/div><\/div><\/div>","protected":false},"excerpt":{"rendered":"<p>SLU\u017dBY Komplexn\u00ed slu\u017eby v poji\u0161t\u011bn\u00ed Anal\u00fdza a zhodnocen\u00ed rizik. Technicko \u2013 ekonomick\u00e1 anal\u00fdza st\u00e1vaj\u00edc\u00edch pojistn\u00fdch smluv. Um\u00edst\u011bn\u00ed rizika a spr\u00e1va pojistn\u00fdch smluv. Spolupr\u00e1ce p\u0159i likvidaci \u0161kod. ZJISTIT V\u00cdCE Risk Management Identifikovat, pojmenovat, zhodnotit faktory budouc\u00ed nejistoty. Zhodnotit citlivost st\u00e1vaj\u00edc\u00edch opat\u0159en\u00ed na tyto faktory. Odhadnout mo\u017en\u00e9 d\u016fsledky ztr\u00e1ty hodnot \u010di o\u010dek\u00e1van\u00fdch v\u00fdsledk\u016f. Identifikovat zp\u016fsoby a prost\u0159edky&hellip;<\/p>\n","protected":false},"author":10,"featured_media":0,"parent":0,"menu_order":0,"comment_status":"closed","ping_status":"closed","template":"","meta":{"footnotes":""},"class_list":["post-3923","page","type-page","status-publish","hentry","post"],"_links":{"self":[{"href":"https:\/\/asigestbroker.cz\/cs\/wp-json\/wp\/v2\/pages\/3923","targetHints":{"allow":["GET"]}}],"collection":[{"href":"https:\/\/asigestbroker.cz\/cs\/wp-json\/wp\/v2\/pages"}],"about":[{"href":"https:\/\/asigestbroker.cz\/cs\/wp-json\/wp\/v2\/types\/page"}],"author":[{"embeddable":true,"href":"https:\/\/asigestbroker.cz\/cs\/wp-json\/wp\/v2\/users\/10"}],"replies":[{"embeddable":true,"href":"https:\/\/asigestbroker.cz\/cs\/wp-json\/wp\/v2\/comments?post=3923"}],"version-history":[{"count":5,"href":"https:\/\/asigestbroker.cz\/cs\/wp-json\/wp\/v2\/pages\/3923\/revisions"}],"predecessor-version":[{"id":3959,"href":"https:\/\/asigestbroker.cz\/cs\/wp-json\/wp\/v2\/pages\/3923\/revisions\/3959"}],"wp:attachment":[{"href":"https:\/\/asigestbroker.cz\/cs\/wp-json\/wp\/v2\/media?parent=3923"}],"curies":[{"name":"wp","href":"https:\/\/api.w.org\/{rel}","templated":true}]}}