{"id":3921,"date":"2014-10-27T13:46:01","date_gmt":"2014-10-27T12:46:01","guid":{"rendered":"https:\/\/asigestbroker.cz\/company\/"},"modified":"2023-12-13T15:12:14","modified_gmt":"2023-12-13T14:12:14","slug":"spolecnost","status":"publish","type":"page","link":"https:\/\/asigestbroker.cz\/cs\/spolecnost\/","title":{"rendered":"Spole\u010dnost"},"content":{"rendered":"<div id=\"pl-3921\"  class=\"panel-layout\" ><div id=\"pg-3921-0\"  class=\"panel-grid panel-has-style\" ><div class=\"hp-panel siteorigin-panels-stretch panel-row-style panel-row-style-for-3921-0\" data-stretch-type=\"full-stretched-padded\" ><div id=\"pgc-3921-0-0\"  class=\"panel-grid-cell\" ><div id=\"panel-3921-0-0-0\" class=\"widget_text so-panel widget widget_custom_html panel-first-child panel-last-child\" data-index=\"0\" ><div class=\"widget_text panel-widget-style panel-widget-style-for-3921-0-0-0\" ><div class=\"textwidget custom-html-widget\"><div class=\"hp-claim-wrapper\">\n\t<h2 class=\"hp-claim-title sx\">\n\t\tO SPOLE\u010cNOSTI\n\t<\/h2>\n\t<p class=\"chi-siamo-text justify\">\n\t\t<strong>ASIGEST BROKER CZ s.r.o.<\/strong>, byla zalo\u017eena se z\u00e1m\u011brem reagovat na st\u00e1le vy\u0161\u0161\u00ed n\u00e1roky v oblasti poji\u0161t\u011bn\u00ed vych\u00e1zej\u00edc\u00ed z pot\u0159eb podnikatelsk\u00fdch subjekt\u016f, aktivn\u00edch jak v It\u00e1lii, tak v \u010cesk\u00e1 Republika.\nHlavn\u00ed s\u00eddlo spole\u010dnosti se nach\u00e1z\u00ed v Praze, dal\u0161\u00ed aktivn\u00ed zastoupen\u00ed je v Bresci, It\u00e1lie. Spole\u010dnost m\u00e1 opr\u00e1vn\u011bn\u00ed k provozov\u00e1n\u00ed \u010dinnosti v r\u00e1mci Freedom of Services v Rakousku, N\u011bmecku, Slovensku a It\u00e1lii.\n\t<\/p>\n\t<p class=\"chi-siamo-text justify\">\n\t\tSpole\u010dnost vlastn\u00ed a \u0159\u00edd\u00ed profesion\u00e1lov\u00e9 z oboru poji\u0161\u0165ovnictv\u00ed, kte\u0159\u00ed se mohou prokazovat v\u00edce ne\u017e 25ti letou zku\u0161enost\u00ed, z\u00edskanou d\u00edky spolupr\u00e1ci s v\u00fdznamn\u00fdmi spole\u010dnostmi \u010dinn\u00fdmi v r\u016fzn\u00fdch oborech od obchodn\u00edch a\u017e po pr\u016fmyslov\u00e9, a d\u00edky spolupr\u00e1ci s nejv\u00fdznamn\u011bj\u0161\u00edmi poji\u0161\u0165ovnami na trhu, a to v m\u00edstn\u00edm i mezin\u00e1rodn\u00edm m\u011b\u0159\u00edtku.\nNa\u0161e spole\u010dnost V\u00e1m chce b\u00fdt oporou jako vysoce specializovan\u00fd odborn\u00edk v oblasti \u0159\u00edzen\u00ed rizik s c\u00edlem:\n\t<\/p>\n\t<ul>\n\t\t<li>Zachovat a vytv\u00e1\u0159et hodnoty.<\/li>\n\t\t<li>Omezit nejistoty a p\u0159edv\u00eddat nebezpe\u010d\u00ed.<\/li>\n\t\t<li>St\u00e1t se sou\u010d\u00e1st\u00ed intern\u00edch organiza\u010dn\u00edch proces\u016f v r\u00e1mci organizace. <\/li>\n\t\t<li>Pl\u00e1novat v oblasti poji\u0161t\u011bn\u00ed v \u0161ir\u0161\u00edm rozsahu t\u00fdkaj\u00edc\u00edm se \u0159\u00edzen\u00ed rizik.<\/li>\n\t<\/ul>\n<\/div>\n<\/div><\/div><\/div><\/div><div id=\"pgc-3921-0-1\"  class=\"panel-grid-cell\" ><div id=\"panel-3921-0-1-0\" class=\"so-panel widget widget_sow-editor panel-first-child panel-last-child\" data-index=\"1\" ><div class=\"panel-widget-style panel-widget-style-for-3921-0-1-0\" ><div\n\t\t\t\n\t\t\tclass=\"so-widget-sow-editor so-widget-sow-editor-base\"\n\t\t\t\n\t\t>\n<div class=\"siteorigin-widget-tinymce textwidget\">\n\t<div class=\"hp-claim-img\"><img loading=\"lazy\" decoding=\"async\" class=\"wp-image-3817 size-full aligncenter\" src=\"https:\/\/asigestbroker.cz\/wp-content\/uploads\/asigest-broker-cz-the-flow-building.jpg\" alt=\"\" width=\"1200\" height=\"900\" srcset=\"https:\/\/asigestbroker.cz\/wp-content\/uploads\/asigest-broker-cz-the-flow-building.jpg 1200w, https:\/\/asigestbroker.cz\/wp-content\/uploads\/asigest-broker-cz-the-flow-building-300x225.jpg 300w, https:\/\/asigestbroker.cz\/wp-content\/uploads\/asigest-broker-cz-the-flow-building-1024x768.jpg 1024w, https:\/\/asigestbroker.cz\/wp-content\/uploads\/asigest-broker-cz-the-flow-building-768x576.jpg 768w\" sizes=\"auto, (max-width: 1200px) 100vw, 1200px\" \/><\/div>\n<\/div>\n<\/div><\/div><\/div><\/div><\/div><\/div><div id=\"pg-3921-1\"  class=\"panel-grid panel-no-style\" ><div id=\"pgc-3921-1-0\"  class=\"panel-grid-cell\" ><div id=\"panel-3921-1-0-0\" class=\"widget_text so-panel widget widget_custom_html panel-first-child\" data-index=\"2\" ><div class=\"widget_text panel-widget-style panel-widget-style-for-3921-1-0-0\" ><div class=\"textwidget custom-html-widget\"><div class=\"hp-claim-wrapper\">\n\t<h2 class=\"hp-claim-title centrato\">\n\t\tNA\u0160E SKUPINA\n\t<\/h2>\n<\/div>\n<\/div><\/div><\/div><div id=\"panel-3921-1-0-1\" class=\"widget_text so-panel widget widget_custom_html\" data-index=\"3\" ><div class=\"textwidget custom-html-widget\"><div class=\"flag-wrapper\">\n\t<div class=\"flag-box\"><img decoding=\"async\" class=\"size-full aligncenter\" src=\"https:\/\/asigestbroker.cz\/wp-content\/uploads\/Asigest-Holding-Lombardini-milano.jpg\" alt=\"\" \/><\/div>\n\t<div class=\"chi-siamo-text-flag justify\">\n\t<strong>Spole\u010dnost Asigest Broker S.P.A.<\/strong> byla zalo\u017eena v roce 1992 v Bielle, aby vyhov\u011bla pojistn\u00fdm pot\u0159eb\u00e1m m\u00edstn\u00edch podnik\u016f. Dnes, s v\u00edce ne\u017e 80 odborn\u00edky p\u016fsob\u00edc\u00edmi na n\u00e1rodn\u00ed \u00farovni a zam\u011bstnanci v \u0161esti zem\u00edch, <strong>jsme schopni pomoci klientovi p\u0159i \u0159\u00edzen\u00ed rizik a pojistn\u00fdch pot\u0159eb, a\u0165 u\u017e se podnik nach\u00e1z\u00ed kdekoli.<\/strong>\n\t<\/div>\n<\/div><\/div><\/div><div id=\"panel-3921-1-0-2\" class=\"widget_text so-panel widget widget_custom_html\" data-index=\"4\" ><div class=\"textwidget custom-html-widget\"><div class=\"flag-wrapper\">\n\t<div class=\"flag-box\"><img decoding=\"async\" class=\"size-full aligncenter\" src=\"https:\/\/www.asigestbroker.cz\/wp-content\/uploads\/Asigest-Holding-Germania-Amburgo-1.jpg\" alt=\"\" \/><\/div>\n\t<div class=\"chi-siamo-text-flag justify\">\n\t\t<strong>Asigest Germany<\/strong> se specializuje na poji\u0161t\u011bn\u00ed <strong>n\u00e1mo\u0159n\u00ed dopravy, H&M, P&I a poji\u0161t\u011bn\u00ed n\u00e1kladu, pron\u00e1jmu a jachet.<\/strong>.\nKrom\u011b b\u011b\u017en\u00fdch standardn\u00edch produkt\u016f dostupn\u00fdch na mezin\u00e1rodn\u00edm trhu nab\u00edz\u00ed Asigest Germany tak\u00e9 \u0161irok\u00fd v\u00fdb\u011br model\u016f kryt\u00ed a poji\u0161t\u011bn\u00ed, kter\u00e9 zbytek trhu obvykle nem\u00e1.\n\t<\/div>\n<\/div><\/div><\/div><div id=\"panel-3921-1-0-3\" class=\"widget_text so-panel widget widget_custom_html\" data-index=\"5\" ><div class=\"textwidget custom-html-widget\"><div class=\"flag-wrapper\">\n\t<div class=\"flag-box\"><img loading=\"lazy\" decoding=\"async\" class=\"size-full aligncenter\" src=\"https:\/\/www.asigestbroker.cz\/wp-content\/uploads\/Asigest-Holding-Romania-Bucarest-1.jpg\" alt=\"\" width=\"300\" height=\"200\" \/><\/div>\n\t<div class=\"chi-siamo-text-flag justify\">\n\t\t<strong>Asigest Romania<\/strong>, spole\u010dnost zalo\u017een\u00e1 v roce <strong>1994<\/strong>, , je jedn\u00edm z nejv\u00fdznamn\u011bj\u0161\u00edch rumunsk\u00fdch broker\u016f. Asigest je ji\u017e v\u00edce ne\u017e <strong>20 let<\/strong> l\u00eddrem na trhu poji\u0161\u0165ovac\u00edch makl\u00e9\u0159\u016f, kter\u00fd m\u00e1 v sou\u010dasnosti v\u00edce ne\u017e 500 makl\u00e9\u0159\u016f. <br \/>Krom\u011b hlavn\u00ed kancel\u00e1\u0159e v Bukure\u0161ti m\u00e1me 3 hlavn\u00ed pobo\u010dky (Bukure\u0161\u0165, Timosoara a Cluj) a dal\u0161\u00ed zastoupen\u00ed ve 22 m\u011bstech po cel\u00e9 zemi.<br \/>\n\t<\/div>\n<\/div><\/div><\/div><div id=\"panel-3921-1-0-4\" class=\"widget_text so-panel widget widget_custom_html\" data-index=\"6\" ><div class=\"textwidget custom-html-widget\"><div class=\"flag-wrapper\">\n\t<div class=\"flag-box\"><img loading=\"lazy\" decoding=\"async\" class=\"size-full aligncenter\" src=\"https:\/\/www.asigestbroker.cz\/wp-content\/uploads\/Asigest-Holding-Serbia-Belgrado-1.jpg\" alt=\"\" width=\"300\" height=\"200\" \/><\/div>\n\t<div class=\"chi-siamo-text-flag justify\">\n\t\t<strong>Asigest Srbsko<\/strong> zam\u011b\u0159uje sv\u00e9 portfolio p\u0159edev\u0161\u00edm na ne\u017eivotn\u00ed sektory, zejm\u00e9na na majetkov\u00e9 produkty pro korpor\u00e1tn\u00ed z\u00e1kazn\u00edky <strong>ob\u010danskopr\u00e1vn\u00ed odpov\u011bdnost (GTPL, PI) a poji\u0161t\u011bn\u00ed n\u00e1kladn\u00ed dopravy (CMR, CARGO)<\/strong>, p\u016fsob\u00edc\u00ed v r\u016fzn\u00fdch oblastech podnik\u00e1n\u00ed jak na korpor\u00e1tn\u00ed \u00farovni ( dopravn\u00ed spole\u010dnosti, hotely, stavby a komer\u010dn\u00ed budovy, profesion\u00e1lov\u00e9) a na osobn\u00ed \u00farovni (komplexn\u00ed poji\u0161t\u011bn\u00ed motorov\u00fdch vozidel, cestov\u00e1n\u00ed a dom\u00e1cnosti).\n\t<\/div>\n<\/div><\/div><\/div><div id=\"panel-3921-1-0-5\" class=\"widget_text so-panel widget widget_custom_html\" data-index=\"7\" ><div class=\"textwidget custom-html-widget\"><div class=\"flag-wrapper\">\n\t<div class=\"flag-box\"><img loading=\"lazy\" decoding=\"async\" class=\"size-full aligncenter\" src=\"https:\/\/www.asigestbroker.cz\/wp-content\/uploads\/Asigest-Holding-Marocco-Casablanca-1.jpg\" alt=\"\" width=\"300\" height=\"200\" \/><\/div>\n\t<div class=\"chi-siamo-text-flag justify\">\n\t\tV roce 2008 <strong>Asigest Morocco<\/strong> z\u00edskal m\u00edstn\u00edho makl\u00e9\u0159e Basco, co\u017e mu umo\u017enilo expandovat za st\u00e1tn\u00ed hranice a zv\u00fd\u0161it po\u010det zam\u011bstnanc\u016f, aby sv\u00fdm klient\u016fm mohl nab\u00edzet st\u00e1le efektivn\u011bj\u0161\u00ed slu\u017eby. Basco m\u00e1 rozs\u00e1hl\u00e9 zku\u0161enosti v oblasti anal\u00fdz, studi\u00ed a poradenstv\u00ed v poji\u0161\u0165ovnictv\u00ed a je schopno reagovat na v\u0161echny m\u00edstn\u00ed i mezin\u00e1rodn\u00ed pot\u0159eby sv\u00fdch klient\u016f.<br \/>\n\t\t<\/div>\n\t<\/div><\/div><\/div><div id=\"panel-3921-1-0-6\" class=\"widget_text so-panel widget widget_custom_html panel-last-child\" data-index=\"8\" ><div class=\"textwidget custom-html-widget\"><div class=\"flag-wrapper\">\n\t<div class=\"flag-box\"><img loading=\"lazy\" decoding=\"async\" class=\" size-full aligncenter\" src=\"https:\/\/www.asigestbroker.cz\/wp-content\/uploads\/Asigest-Holding-Turchia-Istanbul-1.jpg\" alt=\"\" width=\"300\" height=\"200\" \/><\/div>\n\t<div class=\"chi-siamo-text-flag justify\">\n\t\t<strong>Od roku 2013 je Evrensel<\/strong> sou\u010d\u00e1st\u00ed <strong>skupiny Asigest<\/strong>. Dnes je Evrensel uzn\u00e1v\u00e1n  <strong>jako glob\u00e1ln\u00ed, multikulturn\u00ed a mnohojazy\u010dn\u00fd broker, citliv\u00fd<\/strong> k n\u00e1rodn\u00edm a lok\u00e1ln\u00edm probl\u00e9m\u016fm a pot\u0159eb\u00e1m, p\u0159i pln\u00e9m zachov\u00e1n\u00ed v\u0161ech mezin\u00e1rodn\u00edch standard\u016f z hlediska kvality poskytovan\u00fdch poji\u0161\u0165ovac\u00edch slu\u017eeb s ohledem na pot\u0159eby klient\u016f.\n\t<\/div>\n<\/div><\/div><\/div><\/div><\/div><div id=\"pg-3921-2\"  class=\"panel-grid panel-has-style\" ><div class=\"siteorigin-panels-stretch panel-row-style panel-row-style-for-3921-2\" id=\"asigest-broker-worldwide-offices\" data-stretch-type=\"full-stretched-padded\" ><div id=\"pgc-3921-2-0\"  class=\"panel-grid-cell\" ><div id=\"panel-3921-2-0-0\" class=\"widget_text so-panel widget widget_custom_html panel-first-child panel-last-child\" data-index=\"9\" ><div class=\"textwidget custom-html-widget\"><div class=\"sedi-wrapper\">\n\t<div class=\"sedi-text-wrapper\">\n\t\t<h2 class=\"sedi-title\">\n\t\t\tCELOSV\u011aTOV\u00c9 KANCEL\u00c1\u0158E\n\t\t<\/h2>\n\t<\/div>\n<\/div>\n<style type=\"text\/css\" id=\"umsMapStyles_4_2447\">\r\n    #ultimate_maps_4_2447 {\r\n        width: 100%;\r\n        height: 600px;\r\n                border: 0px solid ;\r\n        margin: 0px;\r\n    }\r\n    #mapsControlsNum_4_2447 {\r\n        width:100%    }\r\n    .umsMapDetailsContainer#umsMapDetailsContainer_4_2447 {\r\n        height:600px;\r\n    }\r\n    .ums_MapPreview#ultimate_maps_4_2447 {\r\n        \/*position:absolute;*\/\r\n        width:100%;\r\n    }\r\n    #mapConElem_4_2447{\r\n        width:100%    }\r\n    <\/style><div class=\"ums_map_opts\" id=\"mapConElem_4_2447\" data-id=\"4\" data-view-id=\"4_2447\" > <div class=\"umsMapDetailsContainer\" id=\"umsMapDetailsContainer_4_2447\"> <i class=\"umsKMLLayersPreloader fa fa-spinner fa-spin\" aria-hidden=\"true\" style=\"display: none;\"><\/i> <div class=\"ums_MapPreview \" id=\"ultimate_maps_4_2447\"><\/div> <\/div> <div class=\"umsMapMarkerFilters\" id=\"umsMapMarkerFilters_4_2447\"> <\/div> <div class=\"umsMapProControlsCon\" id=\"umsMapProControlsCon_4_2447\"> <a title=\"Google Maps Wordpress\" style=\"display:none;\" href=\"https:\/\/supsystic.com\/plugins\/google-maps-plugin\/?utm_medium=love_link_hide\" target=\"_blank\">Google Maps Wordpress<\/a><div style=\"clear: both;\"><\/div> <\/div> <div class=\"umsMapProDirectionsCon\" id=\"umsMapProDirectionsCon_4_2447\" > <\/div> <div class=\"umsMapProKmlFilterCon\" id=\"umsMapProKmlFilterCon_4_2447\" > <\/div> <div class=\"umsSocialSharingShell umsSocialSharingShell_4_2447\"> <\/div> <div style=\"clear: both;\"><\/div> <\/div><\/div><\/div><\/div><\/div><\/div><div id=\"pg-3921-3\"  class=\"panel-grid panel-has-style\" ><div class=\"siteorigin-panels-stretch panel-row-style panel-row-style-for-3921-3\" id=\"asigest-broker-offices-italy\" data-stretch-type=\"full-stretched-padded\" ><div id=\"pgc-3921-3-0\"  class=\"panel-grid-cell\" ><div id=\"panel-3921-3-0-0\" class=\"widget_text so-panel widget widget_custom_html panel-first-child panel-last-child\" data-index=\"10\" ><div class=\"textwidget custom-html-widget\"><div class=\"sedi-text-wrapper\">\n\t<h2 id=\"#italy\" class=\"sedi-title\">\n\t\tKANCEL\u00c1\u0158E V \u010cESK\u00c1 REPUBLIKA\n\t<\/h2>\n<\/div>\n<style type=\"text\/css\" id=\"umsMapStyles_3_7852\">\r\n    #ultimate_maps_3_7852 {\r\n        width: 100%;\r\n        height: 600px;\r\n                border: 0px solid ;\r\n        margin: 0px;\r\n    }\r\n    #mapsControlsNum_3_7852 {\r\n        width:100%    }\r\n    .umsMapDetailsContainer#umsMapDetailsContainer_3_7852 {\r\n        height:600px;\r\n    }\r\n    .ums_MapPreview#ultimate_maps_3_7852 {\r\n        \/*position:absolute;*\/\r\n        width:100%;\r\n    }\r\n    #mapConElem_3_7852{\r\n        width:100%    }\r\n    <\/style><div class=\"ums_map_opts\" id=\"mapConElem_3_7852\" data-id=\"3\" data-view-id=\"3_7852\" > <div class=\"umsMapDetailsContainer\" id=\"umsMapDetailsContainer_3_7852\"> <i class=\"umsKMLLayersPreloader fa fa-spinner fa-spin\" aria-hidden=\"true\" style=\"display: none;\"><\/i> <div class=\"ums_MapPreview \" id=\"ultimate_maps_3_7852\"><\/div> <\/div> <div class=\"umsMapMarkerFilters\" id=\"umsMapMarkerFilters_3_7852\"> <\/div> <div class=\"umsMapProControlsCon\" id=\"umsMapProControlsCon_3_7852\"> <a title=\"Google Maps Wordpress\" style=\"display:none;\" href=\"https:\/\/supsystic.com\/plugins\/google-maps-plugin\/?utm_medium=love_link_hide\" target=\"_blank\">Google Maps Wordpress<\/a><div style=\"clear: both;\"><\/div> <\/div> <div class=\"umsMapProDirectionsCon\" id=\"umsMapProDirectionsCon_3_7852\" > <\/div> <div class=\"umsMapProKmlFilterCon\" id=\"umsMapProKmlFilterCon_3_7852\" > <\/div> <div class=\"umsSocialSharingShell umsSocialSharingShell_3_7852\"> <\/div> <div style=\"clear: both;\"><\/div> <\/div><\/div><\/div><\/div><\/div><\/div><\/div>","protected":false},"excerpt":{"rendered":"<p>O SPOLE\u010cNOSTI ASIGEST BROKER CZ s.r.o., byla zalo\u017eena se z\u00e1m\u011brem reagovat na st\u00e1le vy\u0161\u0161\u00ed n\u00e1roky v oblasti poji\u0161t\u011bn\u00ed vych\u00e1zej\u00edc\u00ed z pot\u0159eb podnikatelsk\u00fdch subjekt\u016f, aktivn\u00edch jak v It\u00e1lii, tak v \u010cesk\u00e1 Republika. Hlavn\u00ed s\u00eddlo spole\u010dnosti se nach\u00e1z\u00ed v Praze, dal\u0161\u00ed aktivn\u00ed zastoupen\u00ed je v Bresci, It\u00e1lie. Spole\u010dnost m\u00e1 opr\u00e1vn\u011bn\u00ed k provozov\u00e1n\u00ed \u010dinnosti v r\u00e1mci Freedom of&hellip;<\/p>\n","protected":false},"author":10,"featured_media":0,"parent":0,"menu_order":0,"comment_status":"closed","ping_status":"closed","template":"","meta":{"footnotes":""},"class_list":["post-3921","page","type-page","status-publish","hentry","post"],"_links":{"self":[{"href":"https:\/\/asigestbroker.cz\/cs\/wp-json\/wp\/v2\/pages\/3921","targetHints":{"allow":["GET"]}}],"collection":[{"href":"https:\/\/asigestbroker.cz\/cs\/wp-json\/wp\/v2\/pages"}],"about":[{"href":"https:\/\/asigestbroker.cz\/cs\/wp-json\/wp\/v2\/types\/page"}],"author":[{"embeddable":true,"href":"https:\/\/asigestbroker.cz\/cs\/wp-json\/wp\/v2\/users\/10"}],"replies":[{"embeddable":true,"href":"https:\/\/asigestbroker.cz\/cs\/wp-json\/wp\/v2\/comments?post=3921"}],"version-history":[{"count":5,"href":"https:\/\/asigestbroker.cz\/cs\/wp-json\/wp\/v2\/pages\/3921\/revisions"}],"predecessor-version":[{"id":4021,"href":"https:\/\/asigestbroker.cz\/cs\/wp-json\/wp\/v2\/pages\/3921\/revisions\/4021"}],"wp:attachment":[{"href":"https:\/\/asigestbroker.cz\/cs\/wp-json\/wp\/v2\/media?parent=3921"}],"curies":[{"name":"wp","href":"https:\/\/api.w.org\/{rel}","templated":true}]}}