{"id":3656,"date":"2014-10-27T13:47:31","date_gmt":"2014-10-27T12:47:31","guid":{"rendered":"https:\/\/asigestbroker.cz\/home-page\/"},"modified":"2023-12-13T15:28:32","modified_gmt":"2023-12-13T14:28:32","slug":"uvod","status":"publish","type":"page","link":"https:\/\/asigestbroker.cz\/cs\/","title":{"rendered":"\u00davod"},"content":{"rendered":"<div id=\"pl-3656\"  class=\"panel-layout\" ><div id=\"pg-3656-0\"  class=\"panel-grid panel-has-style\" ><div class=\"hp-slider siteorigin-panels-stretch panel-row-style panel-row-style-for-3656-0\" data-stretch-type=\"full-stretched-padded\" ><div id=\"pgc-3656-0-0\"  class=\"panel-grid-cell\" ><div id=\"panel-3656-0-0-0\" class=\"widget_text so-panel widget widget_custom_html panel-first-child panel-last-child\" data-index=\"0\" ><div class=\"textwidget custom-html-widget\"><img loading=\"lazy\" decoding=\"async\" class=\"wp-image-3359 size-full aligncenter\" src=\"https:\/\/www.asigestbroker.cz\/wp-content\/uploads\/prague.jpg\" alt=\"\" width=\"1920\" height=\"600\" \/><\/div><\/div><\/div><\/div><\/div><div id=\"pg-3656-1\"  class=\"panel-grid panel-has-style\" ><div class=\"hp-panel siteorigin-panels-stretch panel-row-style panel-row-style-for-3656-1\" data-stretch-type=\"full-stretched-padded\" ><div id=\"pgc-3656-1-0\"  class=\"panel-grid-cell\" ><div id=\"panel-3656-1-0-0\" class=\"widget_text so-panel widget widget_custom_html panel-first-child panel-last-child\" data-index=\"1\" ><div class=\"widget_text panel-widget-style panel-widget-style-for-3656-1-0-0\" ><div class=\"textwidget custom-html-widget\"><div class=\"hp-claim-wrapper\">\n\t<h2 class=\"hp-claim-title sx\">\n\t\tSPOLE\u010cNOST \n\t<\/h2>\n\t<p class=\"hp-claim-text justify\">\n\t\t<strong>Asigest Broker CZ s.r.o.<\/strong> byla zalo\u017eena se z\u00e1m\u011brem reagovat na st\u00e1le vy\u0161\u0161\u00ed n\u00e1roky v oblasti poji\u0161t\u011bn\u00ed vych\u00e1zej\u00edc\u00ed z pot\u0159eb podnikatelsk\u00fdch subjekt\u016f, aktivn\u00edch jak v It\u00e1lii, tak v \u010cesk\u00e1 Republika.\n\nHlavn\u00ed s\u00eddlo spole\u010dnosti se nach\u00e1z\u00ed v Praze, dal\u0161\u00ed aktivn\u00ed zastoupen\u00ed je v Bresci, It\u00e1lie. Spole\u010dnost m\u00e1 opr\u00e1vn\u011bn\u00ed k provozov\u00e1n\u00ed \u010dinnosti v r\u00e1mci Freedom of Services v Rakousku, N\u011bmecku, Slovensku a It\u00e1lii. \n\t<\/p>\n\t<div class=\"hp-button-wrapper-dx\">\n\t\t<a class=\"claim-button\" href=\"https:\/\/asigestbroker.cz\/cs\/spolecnost\/\">ZJISTIT V\u00cdCE<\/a>\n\t<\/div>\n<\/div>\n<\/div><\/div><\/div><\/div><div id=\"pgc-3656-1-1\"  class=\"panel-grid-cell\" ><div id=\"panel-3656-1-1-0\" class=\"so-panel widget widget_sow-editor panel-first-child panel-last-child\" data-index=\"2\" ><div class=\"panel-widget-style panel-widget-style-for-3656-1-1-0\" ><div\n\t\t\t\n\t\t\tclass=\"so-widget-sow-editor so-widget-sow-editor-base\"\n\t\t\t\n\t\t>\n<div class=\"siteorigin-widget-tinymce textwidget\">\n\t<div class=\"hp-claim-img\"><img loading=\"lazy\" decoding=\"async\" class=\"size-full wp-image-2673 aligncenter\" src=\"https:\/\/www.asigestbroker.cz\/wp-content\/uploads\/chi-siamo-asigest.jpg\" alt=\"\" width=\"800\" height=\"533\" srcset=\"https:\/\/asigestbroker.cz\/wp-content\/uploads\/chi-siamo-asigest.jpg 800w, https:\/\/asigestbroker.cz\/wp-content\/uploads\/chi-siamo-asigest-300x200.jpg 300w, https:\/\/asigestbroker.cz\/wp-content\/uploads\/chi-siamo-asigest-768x512.jpg 768w, https:\/\/asigestbroker.cz\/wp-content\/uploads\/chi-siamo-asigest-263x174.jpg 263w, https:\/\/asigestbroker.cz\/wp-content\/uploads\/chi-siamo-asigest-272x182.jpg 272w\" sizes=\"auto, (max-width: 800px) 100vw, 800px\" \/><\/div>\n<\/div>\n<\/div><\/div><\/div><\/div><\/div><\/div><div id=\"pg-3656-2\"  class=\"panel-grid panel-has-style\" ><div class=\"hp-panel siteorigin-panels-stretch panel-row-style panel-row-style-for-3656-2\" data-stretch-type=\"full-stretched-padded\" ><div id=\"pgc-3656-2-0\"  class=\"panel-grid-cell\" ><div id=\"panel-3656-2-0-0\" class=\"so-panel widget widget_sow-editor panel-first-child panel-last-child\" data-index=\"3\" ><div class=\"panel-widget-style panel-widget-style-for-3656-2-0-0\" ><div\n\t\t\t\n\t\t\tclass=\"so-widget-sow-editor so-widget-sow-editor-base\"\n\t\t\t\n\t\t>\n<div class=\"siteorigin-widget-tinymce textwidget\">\n\t<div class=\"hp-claim-img\"><img loading=\"lazy\" decoding=\"async\" class=\"aligncenter wp-image-2136 size-full\" src=\"https:\/\/www.asigestbroker.cz\/wp-content\/uploads\/asigest-broker-insurance.jpg\" alt=\"\" width=\"800\" height=\"533\" srcset=\"https:\/\/asigestbroker.cz\/wp-content\/uploads\/asigest-broker-insurance.jpg 800w, https:\/\/asigestbroker.cz\/wp-content\/uploads\/asigest-broker-insurance-300x200.jpg 300w, https:\/\/asigestbroker.cz\/wp-content\/uploads\/asigest-broker-insurance-768x512.jpg 768w, https:\/\/asigestbroker.cz\/wp-content\/uploads\/asigest-broker-insurance-263x174.jpg 263w, https:\/\/asigestbroker.cz\/wp-content\/uploads\/asigest-broker-insurance-272x182.jpg 272w\" sizes=\"auto, (max-width: 800px) 100vw, 800px\" \/><\/div>\n<\/div>\n<\/div><\/div><\/div><\/div><div id=\"pgc-3656-2-1\"  class=\"panel-grid-cell\" ><div id=\"panel-3656-2-1-0\" class=\"widget_text so-panel widget widget_custom_html panel-first-child panel-last-child\" data-index=\"4\" ><div class=\"widget_text panel-widget-style panel-widget-style-for-3656-2-1-0\" ><div class=\"textwidget custom-html-widget\"><div class=\"hp-claim-wrapper\">\n\t<h2 class=\"hp-claim-title sx\">\n\t\tRISK MANAGEMENT\n\t<\/h2>\n\t<ul>\n\t\t<li  class=\"hp-claim-text sx justify\">Identifikovat, pojmenovat, zhodnotit faktory budouc\u00ed nejistoty.<\/li>\n\t\t<li  class=\"hp-claim-text sx justify\">Zhodnotit citlivost st\u00e1vaj\u00edc\u00edch opat\u0159en\u00ed na tyto faktory.<\/li>\n\t\t<li  class=\"hp-claim-text sx justify\">Odhadnout mo\u017en\u00e9 d\u016fsledky ztr\u00e1ty hodnot \u010di o\u010dek\u00e1van\u00fdch v\u00fdsledk\u016f.<\/li>\n\t\t<li  class=\"hp-claim-text sx justify\">Identifikovat zp\u016fsob a prost\u0159edky k omezen\u00ed t\u011bchto negativn\u00edch d\u016fsledk\u016f.<\/li> \n\t\t<li  class=\"hp-claim-text sx justify\">Definovat priority, na kter\u00e9 je pot\u0159eba se soust\u0159edit s ohledem na faktory a elementy budouc\u00ed nejistoty tak, aby byly v souladu se zvolen\u00fdmi strategiemi.<\/li>\n\t<\/ul>\n<\/div>\n<\/div><\/div><\/div><\/div><\/div><\/div><div id=\"pg-3656-3\"  class=\"panel-grid panel-has-style\" ><div class=\"hp-panel siteorigin-panels-stretch panel-row-style panel-row-style-for-3656-3\" data-stretch-type=\"full-stretched-padded\" ><div id=\"pgc-3656-3-0\"  class=\"panel-grid-cell\" ><div id=\"panel-3656-3-0-0\" class=\"widget_text so-panel widget widget_custom_html panel-first-child panel-last-child\" data-index=\"5\" ><div class=\"widget_text panel-widget-style panel-widget-style-for-3656-3-0-0\" ><div class=\"textwidget custom-html-widget\"><div class=\"hp-claim-wrapper\">\n\t<h2 class=\"hp-claim-title sx\">\n\t\tKOMPLEXN\u00cd SLU\u017dBY V POJI\u0160T\u011aN\u00cd\n\t<\/h2>\n\t<ul>\n\t\t<li class=\"hp-claim-text sx justify\">Anal\u00fdza a zhodnocen\u00ed rizik.<\/li>\n\t\t<li class=\"hp-claim-text sx justify\">Technicko - ekonomick\u00e1 anal\u00fdza st\u00e1vaj\u00edc\u00edch pojistn\u00fdch smluv.<\/li>\n\t\t<li class=\"hp-claim-text sx justify\">N\u00e1vrh komplexn\u00edho pojistn\u00e9ho programu.<\/li>\n\t\t<li class=\"hp-claim-text sx justify\">Um\u00edst\u011bn\u00ed rizika a spr\u00e1va pojistn\u00fdch smluv.<\/li>\n\t\t<li class=\"hp-claim-text sx justify\">Spolupr\u00e1ce p\u0159i likvidaci \u0161kod.<\/li>\n\t<\/ul>\n<\/div>\n<\/div><\/div><\/div><\/div><div id=\"pgc-3656-3-1\"  class=\"panel-grid-cell\" ><div id=\"panel-3656-3-1-0\" class=\"so-panel widget widget_sow-editor panel-first-child panel-last-child\" data-index=\"6\" ><div class=\"panel-widget-style panel-widget-style-for-3656-3-1-0\" ><div\n\t\t\t\n\t\t\tclass=\"so-widget-sow-editor so-widget-sow-editor-base\"\n\t\t\t\n\t\t>\n<div class=\"siteorigin-widget-tinymce textwidget\">\n\t<div class=\"hp-claim-img\"><img loading=\"lazy\" decoding=\"async\" class=\"size-full wp-image-2659 aligncenter\" src=\"https:\/\/www.asigestbroker.cz\/wp-content\/uploads\/asigest-broker-insurance-service.jpg\" alt=\"\" width=\"800\" height=\"533\" srcset=\"https:\/\/asigestbroker.cz\/wp-content\/uploads\/asigest-broker-insurance-service.jpg 800w, https:\/\/asigestbroker.cz\/wp-content\/uploads\/asigest-broker-insurance-service-300x200.jpg 300w, https:\/\/asigestbroker.cz\/wp-content\/uploads\/asigest-broker-insurance-service-768x512.jpg 768w, https:\/\/asigestbroker.cz\/wp-content\/uploads\/asigest-broker-insurance-service-263x174.jpg 263w, https:\/\/asigestbroker.cz\/wp-content\/uploads\/asigest-broker-insurance-service-272x182.jpg 272w\" sizes=\"auto, (max-width: 800px) 100vw, 800px\" \/><\/div>\n<\/div>\n<\/div><\/div><\/div><\/div><\/div><\/div><div id=\"pg-3656-4\"  class=\"panel-grid panel-has-style\" ><div class=\"hp-panel siteorigin-panels-stretch panel-row-style panel-row-style-for-3656-4\" data-stretch-type=\"full-stretched-padded\" ><div id=\"pgc-3656-4-0\"  class=\"panel-grid-cell\" ><div id=\"panel-3656-4-0-0\" class=\"so-panel widget widget_sow-editor panel-first-child panel-last-child\" data-index=\"7\" ><div class=\"panel-widget-style panel-widget-style-for-3656-4-0-0\" ><div\n\t\t\t\n\t\t\tclass=\"so-widget-sow-editor so-widget-sow-editor-base\"\n\t\t\t\n\t\t>\n<div class=\"siteorigin-widget-tinymce textwidget\">\n\t<div class=\"hp-claim-img\"><img loading=\"lazy\" decoding=\"async\" class=\"size-full wp-image-2669 aligncenter\" src=\"https:\/\/www.asigestbroker.cz\/wp-content\/uploads\/reclami-asigest.jpg\" alt=\"\" width=\"800\" height=\"533\" srcset=\"https:\/\/asigestbroker.cz\/wp-content\/uploads\/reclami-asigest.jpg 800w, https:\/\/asigestbroker.cz\/wp-content\/uploads\/reclami-asigest-300x200.jpg 300w, https:\/\/asigestbroker.cz\/wp-content\/uploads\/reclami-asigest-768x512.jpg 768w, https:\/\/asigestbroker.cz\/wp-content\/uploads\/reclami-asigest-263x174.jpg 263w, https:\/\/asigestbroker.cz\/wp-content\/uploads\/reclami-asigest-272x182.jpg 272w\" sizes=\"auto, (max-width: 800px) 100vw, 800px\" \/><\/div>\n<\/div>\n<\/div><\/div><\/div><\/div><div id=\"pgc-3656-4-1\"  class=\"panel-grid-cell\" ><div id=\"panel-3656-4-1-0\" class=\"widget_text so-panel widget widget_custom_html panel-first-child panel-last-child\" data-index=\"8\" ><div class=\"widget_text panel-widget-style panel-widget-style-for-3656-4-1-0\" ><div class=\"textwidget custom-html-widget\"><div class=\"hp-claim-wrapper\">\n\t<h2 class=\"hp-claim-title sx\">\n\t\tSPECI\u00c1LN\u00cd PROJEKTY\n\t<\/h2>\n\t<ul>\n\t\t<li class=\"hp-claim-text justify\">Optimalizovat zdroje prost\u0159ednictv\u00edm dal\u0161\u00edho profesn\u00edho r\u016fstu.<\/li>\n\t\t<li class=\"hp-claim-text justify\">\u00da\u010dinn\u011b propojit s\u00edlu tradice oboru s dal\u0161\u00edmi inovacemi.<\/li>\n\t\t<li class=\"hp-claim-text justify\">Rozpoznat a zohlednit pojistn\u00e9 pot\u0159eby v pr\u016fmyslov\u00e9m, obchodn\u00edm \u010di finan\u010dn\u00edm sektoru ve speci\u00e1ln\u00edch pojistn\u00fdch programech.<\/li>\n\t\t<li class=\"hp-claim-text justify\">Poskytnout jedine\u010dn\u00fd a individu\u00e1ln\u00ed servis klient\u016fm.<\/li>\n\t<\/ul>\t\n<\/div>\n<\/div><\/div><\/div><\/div><\/div><\/div><\/div>","protected":false},"excerpt":{"rendered":"<p>SPOLE\u010cNOST Asigest Broker CZ s.r.o. byla zalo\u017eena se z\u00e1m\u011brem reagovat na st\u00e1le vy\u0161\u0161\u00ed n\u00e1roky v oblasti poji\u0161t\u011bn\u00ed vych\u00e1zej\u00edc\u00ed z pot\u0159eb podnikatelsk\u00fdch subjekt\u016f, aktivn\u00edch jak v It\u00e1lii, tak v \u010cesk\u00e1 Republika. Hlavn\u00ed s\u00eddlo spole\u010dnosti se nach\u00e1z\u00ed v Praze, dal\u0161\u00ed aktivn\u00ed zastoupen\u00ed je v Bresci, It\u00e1lie. Spole\u010dnost m\u00e1 opr\u00e1vn\u011bn\u00ed k provozov\u00e1n\u00ed \u010dinnosti v r\u00e1mci Freedom of Services&hellip;<\/p>\n","protected":false},"author":10,"featured_media":0,"parent":0,"menu_order":0,"comment_status":"closed","ping_status":"closed","template":"","meta":{"footnotes":""},"class_list":["post-3656","page","type-page","status-publish","hentry","post"],"_links":{"self":[{"href":"https:\/\/asigestbroker.cz\/cs\/wp-json\/wp\/v2\/pages\/3656","targetHints":{"allow":["GET"]}}],"collection":[{"href":"https:\/\/asigestbroker.cz\/cs\/wp-json\/wp\/v2\/pages"}],"about":[{"href":"https:\/\/asigestbroker.cz\/cs\/wp-json\/wp\/v2\/types\/page"}],"author":[{"embeddable":true,"href":"https:\/\/asigestbroker.cz\/cs\/wp-json\/wp\/v2\/users\/10"}],"replies":[{"embeddable":true,"href":"https:\/\/asigestbroker.cz\/cs\/wp-json\/wp\/v2\/comments?post=3656"}],"version-history":[{"count":5,"href":"https:\/\/asigestbroker.cz\/cs\/wp-json\/wp\/v2\/pages\/3656\/revisions"}],"predecessor-version":[{"id":4022,"href":"https:\/\/asigestbroker.cz\/cs\/wp-json\/wp\/v2\/pages\/3656\/revisions\/4022"}],"wp:attachment":[{"href":"https:\/\/asigestbroker.cz\/cs\/wp-json\/wp\/v2\/media?parent=3656"}],"curies":[{"name":"wp","href":"https:\/\/api.w.org\/{rel}","templated":true}]}}